{"id":21843,"date":"2022-06-03T12:35:45","date_gmt":"2022-06-03T10:35:45","guid":{"rendered":"https:\/\/www.hergom.com\/communication\/blog-foundry\/"},"modified":"2023-11-23T13:33:59","modified_gmt":"2023-11-23T12:33:59","slug":"blog-foundry","status":"publish","type":"page","link":"https:\/\/staging.hergom.eurocastaliapruebas.com\/en\/communication\/blog-foundry\/","title":{"rendered":"Foundry Blog"},"content":{"rendered":"<p><div class=\"fusion-fullwidth fullwidth-box fusion-builder-row-1 nonhundred-percent-fullwidth non-hundred-percent-height-scrolling\" style=\"--awb-border-radius-top-left:0px;--awb-border-radius-top-right:0px;--awb-border-radius-bottom-right:0px;--awb-border-radius-bottom-left:0px;--awb-padding-top:0px;--awb-padding-bottom:0px;--awb-margin-top:0px;--awb-margin-bottom:0px;--awb-flex-wrap:wrap;\" id=\"contenedorComunicacion\" ><div class=\"fusion-builder-row fusion-row\"><div class=\"fusion-layout-column fusion_builder_column fusion-builder-column-0 fusion_builder_column_2_3 2_3 fusion-two-third fusion-column-first colFlex\" style=\"--awb-bg-size:cover;width:66.666666666667%;width:calc(66.666666666667% - ( ( 0px ) * 0.66666666666667 ) );margin-right: 0px;\"><div class=\"fusion-column-wrapper fusion-column-has-shadow fusion-flex-column-wrapper-legacy\"><div class=\"fusion-clearfix\"><\/div><\/div><\/div><div class=\"fusion-layout-column fusion_builder_column fusion-builder-column-1 fusion_builder_column_1_3 1_3 fusion-one-third fusion-column-last colFlex\" style=\"--awb-bg-size:cover;width:33.333333333333%;width:calc(33.333333333333% - ( ( 0px ) * 0.33333333333333 ) );\"><div class=\"fusion-column-wrapper fusion-column-has-shadow fusion-flex-column-wrapper-legacy\"><div class=\"fusion-widget-area awb-widget-area-element fusion-widget-area-1 fusion-content-widget-area\" style=\"--awb-title-size:13px;--awb-title-color:#333333;--awb-padding:0px 0px 0px 0px;\" id=\"contenedorAsideBlog\"><section id=\"search-2\" class=\"widget widget_search\" style=\"border-style: solid;border-color:transparent;border-width:0px;\"><div class=\"heading\"><h4 class=\"widget-title\">Buscar<\/h4><\/div>\t\t<form role=\"search\" class=\"searchform fusion-search-form  fusion-live-search fusion-search-form-classic\" method=\"get\" action=\"https:\/\/staging.hergom.eurocastaliapruebas.com\/en\/\">\n\t\t\t<div class=\"fusion-search-form-content\">\n\n\t\t\t\t\n\t\t\t\t<div class=\"fusion-search-field search-field\">\n\t\t\t\t\t<label><span class=\"screen-reader-text\">Search for:<\/span>\n\t\t\t\t\t\t\t\t\t\t\t\t\t<input type=\"search\" class=\"s fusion-live-search-input\" name=\"s\" id=\"fusion-live-search-input-0\" autocomplete=\"off\" placeholder=\"Search...\" required aria-required=\"true\" aria-label=\"Search...\"\/>\n\t\t\t\t\t\t\t\t\t\t\t<\/label>\n\t\t\t\t<\/div>\n\t\t\t\t<div class=\"fusion-search-button search-button\">\n\t\t\t\t\t<input type=\"submit\" class=\"fusion-search-submit searchsubmit\" aria-label=\"Search\" value=\"&#xf002;\" \/>\n\t\t\t\t\t\t\t\t\t\t<div class=\"fusion-slider-loading\"><\/div>\n\t\t\t\t\t\t\t\t\t<\/div>\n\n\t\t\t\t\n\t\t\t<\/div>\n\n\n\t\t\t\t\t\t\t<div class=\"fusion-search-results-wrapper\"><div class=\"fusion-search-results\"><\/div><\/div>\n\t\t\t\n\t\t<\/form>\n\t\t<\/section><section id=\"categories-2\" class=\"widget widget_categories\" style=\"border-style: solid;border-color:transparent;border-width:0px;\"><div class=\"heading\"><h4 class=\"widget-title\">Categor\u00edas<\/h4><\/div>\n\t\t\t<ul>\n\t\t\t\t\t<li class=\"cat-item cat-item-190\"><a href=\"https:\/\/staging.hergom.eurocastaliapruebas.com\/en\/category\/uncategorized\/\">Uncategorized<\/a>\n<\/li>\n\t\t\t<\/ul>\n\n\t\t\t<\/section><div class=\"fusion-additional-widget-content\"><\/div><\/div><div class=\"fusion-clearfix\"><\/div><\/div><\/div><\/div><\/div><div class=\"fusion-fullwidth fullwidth-box fusion-builder-row-2 fusion-flex-container nonhundred-percent-fullwidth non-hundred-percent-height-scrolling\" style=\"--awb-border-radius-top-left:0px;--awb-border-radius-top-right:0px;--awb-border-radius-bottom-right:0px;--awb-border-radius-bottom-left:0px;--awb-flex-wrap:wrap;\" ><div class=\"fusion-builder-row fusion-row fusion-flex-align-items-flex-start fusion-flex-content-wrap\" style=\"max-width:1289.6px;margin-left: calc(-4% \/ 2 );margin-right: calc(-4% \/ 2 );\"><div class=\"fusion-layout-column fusion_builder_column fusion-builder-column-2 fusion_builder_column_1_1 1_1 fusion-flex-column\" style=\"--awb-bg-size:cover;--awb-width-large:100%;--awb-margin-top-large:0px;--awb-spacing-right-large:1.92%;--awb-margin-bottom-large:0px;--awb-spacing-left-large:1.92%;--awb-width-medium:100%;--awb-spacing-right-medium:1.92%;--awb-spacing-left-medium:1.92%;--awb-width-small:100%;--awb-spacing-right-small:1.92%;--awb-spacing-left-small:1.92%;\"><div class=\"fusion-column-wrapper fusion-flex-justify-content-flex-start fusion-content-layout-column\"><\/div><\/div><\/div><\/div><\/p>\n","protected":false},"excerpt":{"rendered":"","protected":false},"author":1,"featured_media":0,"parent":21666,"menu_order":0,"comment_status":"closed","ping_status":"closed","template":"100-width.php","meta":{"_acf_changed":false,"_monsterinsights_skip_tracking":false,"_monsterinsights_sitenote_active":false,"_monsterinsights_sitenote_note":"","_monsterinsights_sitenote_category":0,"_uf_show_specific_survey":0,"_uf_disable_surveys":false,"footnotes":""},"class_list":["post-21843","page","type-page","status-publish","hentry"],"acf":[],"yoast_head":"<!-- This site is optimized with the Yoast SEO plugin v24.7 - https:\/\/yoast.com\/wordpress\/plugins\/seo\/ -->\n<title>Foundry Blog - Hergom<\/title>\n<meta name=\"robots\" content=\"noindex, follow, max-snippet:-1, max-image-preview:large, max-video-preview:-1\" \/>\n<meta property=\"og:locale\" content=\"en_US\" \/>\n<meta property=\"og:type\" content=\"article\" \/>\n<meta property=\"og:title\" content=\"Foundry Blog - Hergom\" \/>\n<meta property=\"og:url\" content=\"https:\/\/staging.hergom.eurocastaliapruebas.com\/en\/communication\/blog-foundry\/\" \/>\n<meta property=\"og:site_name\" content=\"Hergom\" \/>\n<meta property=\"article:modified_time\" content=\"2023-11-23T12:33:59+00:00\" \/>\n<meta name=\"twitter:card\" content=\"summary_large_image\" \/>\n<meta name=\"twitter:label1\" content=\"Est. reading time\" \/>\n\t<meta name=\"twitter:data1\" content=\"4 minutes\" \/>\n<script type=\"application\/ld+json\" class=\"yoast-schema-graph\">{\"@context\":\"https:\/\/schema.org\",\"@graph\":[{\"@type\":\"WebPage\",\"@id\":\"https:\/\/staging.hergom.eurocastaliapruebas.com\/en\/communication\/blog-foundry\/\",\"url\":\"https:\/\/staging.hergom.eurocastaliapruebas.com\/en\/communication\/blog-foundry\/\",\"name\":\"Foundry Blog - Hergom\",\"isPartOf\":{\"@id\":\"https:\/\/staging.hergom.eurocastaliapruebas.com\/en\/#website\"},\"datePublished\":\"2022-06-03T10:35:45+00:00\",\"dateModified\":\"2023-11-23T12:33:59+00:00\",\"breadcrumb\":{\"@id\":\"https:\/\/staging.hergom.eurocastaliapruebas.com\/en\/communication\/blog-foundry\/#breadcrumb\"},\"inLanguage\":\"en-US\",\"potentialAction\":[{\"@type\":\"ReadAction\",\"target\":[\"https:\/\/staging.hergom.eurocastaliapruebas.com\/en\/communication\/blog-foundry\/\"]}]},{\"@type\":\"BreadcrumbList\",\"@id\":\"https:\/\/staging.hergom.eurocastaliapruebas.com\/en\/communication\/blog-foundry\/#breadcrumb\",\"itemListElement\":[{\"@type\":\"ListItem\",\"position\":1,\"name\":\"Home\",\"item\":\"https:\/\/staging.hergom.eurocastaliapruebas.com\/en\/\"},{\"@type\":\"ListItem\",\"position\":2,\"name\":\"Communication\",\"item\":\"https:\/\/staging.hergom.eurocastaliapruebas.com\/en\/communication\/\"},{\"@type\":\"ListItem\",\"position\":3,\"name\":\"Foundry Blog\"}]},{\"@type\":\"WebSite\",\"@id\":\"https:\/\/staging.hergom.eurocastaliapruebas.com\/en\/#website\",\"url\":\"https:\/\/staging.hergom.eurocastaliapruebas.com\/en\/\",\"name\":\"Hergom\",\"description\":\"Estufas de le\u00f1a y pellets. Chimeneas de le\u00f1a y gas. Cocinas de le\u00f1a\",\"potentialAction\":[{\"@type\":\"SearchAction\",\"target\":{\"@type\":\"EntryPoint\",\"urlTemplate\":\"https:\/\/staging.hergom.eurocastaliapruebas.com\/en\/?s={search_term_string}\"},\"query-input\":{\"@type\":\"PropertyValueSpecification\",\"valueRequired\":true,\"valueName\":\"search_term_string\"}}],\"inLanguage\":\"en-US\"}]}<\/script>\n<!-- \/ Yoast SEO plugin. -->","yoast_head_json":{"title":"Foundry Blog - Hergom","robots":{"index":"noindex","follow":"follow","max-snippet":"max-snippet:-1","max-image-preview":"max-image-preview:large","max-video-preview":"max-video-preview:-1"},"og_locale":"en_US","og_type":"article","og_title":"Foundry Blog - Hergom","og_url":"https:\/\/staging.hergom.eurocastaliapruebas.com\/en\/communication\/blog-foundry\/","og_site_name":"Hergom","article_modified_time":"2023-11-23T12:33:59+00:00","twitter_card":"summary_large_image","twitter_misc":{"Est. reading time":"4 minutes"},"schema":{"@context":"https:\/\/schema.org","@graph":[{"@type":"WebPage","@id":"https:\/\/staging.hergom.eurocastaliapruebas.com\/en\/communication\/blog-foundry\/","url":"https:\/\/staging.hergom.eurocastaliapruebas.com\/en\/communication\/blog-foundry\/","name":"Foundry Blog - Hergom","isPartOf":{"@id":"https:\/\/staging.hergom.eurocastaliapruebas.com\/en\/#website"},"datePublished":"2022-06-03T10:35:45+00:00","dateModified":"2023-11-23T12:33:59+00:00","breadcrumb":{"@id":"https:\/\/staging.hergom.eurocastaliapruebas.com\/en\/communication\/blog-foundry\/#breadcrumb"},"inLanguage":"en-US","potentialAction":[{"@type":"ReadAction","target":["https:\/\/staging.hergom.eurocastaliapruebas.com\/en\/communication\/blog-foundry\/"]}]},{"@type":"BreadcrumbList","@id":"https:\/\/staging.hergom.eurocastaliapruebas.com\/en\/communication\/blog-foundry\/#breadcrumb","itemListElement":[{"@type":"ListItem","position":1,"name":"Home","item":"https:\/\/staging.hergom.eurocastaliapruebas.com\/en\/"},{"@type":"ListItem","position":2,"name":"Communication","item":"https:\/\/staging.hergom.eurocastaliapruebas.com\/en\/communication\/"},{"@type":"ListItem","position":3,"name":"Foundry Blog"}]},{"@type":"WebSite","@id":"https:\/\/staging.hergom.eurocastaliapruebas.com\/en\/#website","url":"https:\/\/staging.hergom.eurocastaliapruebas.com\/en\/","name":"Hergom","description":"Estufas de le\u00f1a y pellets. Chimeneas de le\u00f1a y gas. Cocinas de le\u00f1a","potentialAction":[{"@type":"SearchAction","target":{"@type":"EntryPoint","urlTemplate":"https:\/\/staging.hergom.eurocastaliapruebas.com\/en\/?s={search_term_string}"},"query-input":{"@type":"PropertyValueSpecification","valueRequired":true,"valueName":"search_term_string"}}],"inLanguage":"en-US"}]}},"_links":{"self":[{"href":"https:\/\/staging.hergom.eurocastaliapruebas.com\/en\/wp-json\/wp\/v2\/pages\/21843","targetHints":{"allow":["GET"]}}],"collection":[{"href":"https:\/\/staging.hergom.eurocastaliapruebas.com\/en\/wp-json\/wp\/v2\/pages"}],"about":[{"href":"https:\/\/staging.hergom.eurocastaliapruebas.com\/en\/wp-json\/wp\/v2\/types\/page"}],"author":[{"embeddable":true,"href":"https:\/\/staging.hergom.eurocastaliapruebas.com\/en\/wp-json\/wp\/v2\/users\/1"}],"replies":[{"embeddable":true,"href":"https:\/\/staging.hergom.eurocastaliapruebas.com\/en\/wp-json\/wp\/v2\/comments?post=21843"}],"version-history":[{"count":0,"href":"https:\/\/staging.hergom.eurocastaliapruebas.com\/en\/wp-json\/wp\/v2\/pages\/21843\/revisions"}],"up":[{"embeddable":true,"href":"https:\/\/staging.hergom.eurocastaliapruebas.com\/en\/wp-json\/wp\/v2\/pages\/21666"}],"wp:attachment":[{"href":"https:\/\/staging.hergom.eurocastaliapruebas.com\/en\/wp-json\/wp\/v2\/media?parent=21843"}],"curies":[{"name":"wp","href":"https:\/\/api.w.org\/{rel}","templated":true}]}}