{"id":21752,"date":"2022-06-10T09:00:59","date_gmt":"2022-06-10T07:00:59","guid":{"rendered":"https:\/\/www.hergom.com\/ecodesign\/"},"modified":"2023-11-20T11:07:37","modified_gmt":"2023-11-20T10:07:37","slug":"ecodesign","status":"publish","type":"page","link":"https:\/\/staging.hergom.eurocastaliapruebas.com\/en\/ecodesign\/","title":{"rendered":"Ecodesign"},"content":{"rendered":"<p><div class=\"fusion-fullwidth fullwidth-box fusion-builder-row-1 nonhundred-percent-fullwidth non-hundred-percent-height-scrolling\" style=\"--awb-border-radius-top-left:0px;--awb-border-radius-top-right:0px;--awb-border-radius-bottom-right:0px;--awb-border-radius-bottom-left:0px;--awb-padding-top:0px;--awb-padding-bottom:0px;--awb-margin-top:0px;--awb-margin-bottom:0px;--awb-flex-wrap:wrap;\" ><div class=\"fusion-builder-row fusion-row\"><div class=\"fusion-layout-column fusion_builder_column fusion-builder-column-0 fusion_builder_column_1_1 1_1 fusion-one-full fusion-column-first fusion-column-last colFlex\" style=\"--awb-bg-size:cover;\"><div class=\"fusion-column-wrapper fusion-column-has-shadow fusion-flex-column-wrapper-legacy\"><div class=\"fusion-title title fusion-title-1 fusion-sep-none fusion-title-text fusion-title-size-two tituloH2Apartado\" style=\"--awb-text-color:#c00027;--awb-margin-bottom:100px;--awb-margin-bottom-small:0px;\"><h2 class=\"fusion-title-heading title-heading-left\" style=\"margin:0;\">A further step in our commitment to sustainability<\/h2><\/div><div class=\"fusion-text fusion-text-1 fusion-text-no-margin textoEditor\" style=\"--awb-margin-top:0px;--awb-margin-right:0px;--awb-margin-bottom:0px;--awb-margin-left:0px;\"><blockquote>\n<p>The strict European Ecodesign regulation, already in force, seeks to improve the energy efficiency of wood-burning cookers, cookers and fireplaces, with the aim of reducing the CO2 emissions they emit into the atmosphere.<\/p>\n<p>All our products have been redesigned to adapt to and comply with these regulations and the strictest international controls, far exceeding the minimum requirements in terms of performance, CO and particulate emissions.<\/p>\n<p>To this end, we work on the continuous improvement of the technology and the combustion process, incorporating the double combustion system, double deflector or convection turbines in our wood-fired heaters.<\/p>\n<p>These features undoubtedly contribute to the improvement of energy efficiency and sustainable development, as they lead to considerable fuel savings and a significant reduction in waste.<\/p>\n<p>But also because it has an impact on household savings, both in terms of energy consumption and economic expenditure, which has a very beneficial effect on the end user.<\/p>\n<\/blockquote>\n<\/div><div class=\"fusion-clearfix\"><\/div><\/div><\/div><\/div><\/div><div class=\"fusion-fullwidth fullwidth-box fusion-builder-row-2 contenedorFranjasEcodesign nonhundred-percent-fullwidth non-hundred-percent-height-scrolling\" style=\"--awb-border-radius-top-left:0px;--awb-border-radius-top-right:0px;--awb-border-radius-bottom-right:0px;--awb-border-radius-bottom-left:0px;--awb-padding-top:0px;--awb-padding-right:0px;--awb-padding-bottom:0px;--awb-padding-left:0px;--awb-margin-top:0px;--awb-margin-bottom:0px;--awb-flex-wrap:wrap;\" ><div class=\"fusion-builder-row fusion-row\"><div class=\"fusion-layout-column fusion_builder_column fusion-builder-column-1 fusion_builder_column_1_2 1_2 fusion-one-half fusion-column-first colFlex\" style=\"--awb-bg-position:center center;--awb-bg-size:cover;width:50%;width:calc(50% - ( ( 0px ) * 0.5 ) );margin-right: 0px;\"><div class=\"fusion-column-wrapper lazyload fusion-column-has-shadow fusion-flex-column-wrapper-legacy fusion-column-has-bg-image\" data-bg-url=\"https:\/\/staging.hergom.eurocastaliapruebas.com\/wp-content\/uploads\/2022\/06\/big-captura-de-pantalla-2021-06-02-a-las-13-25-34.png\" data-bg=\"https:\/\/staging.hergom.eurocastaliapruebas.com\/wp-content\/uploads\/2022\/06\/big-captura-de-pantalla-2021-06-02-a-las-13-25-34.png\"><div class=\"fusion-image-element in-legacy-container\" style=\"--awb-margin-top:0px;--awb-margin-right:0px;--awb-margin-bottom:0px;--awb-margin-left:0px;--awb-caption-title-font-family:var(--h2_typography-font-family);--awb-caption-title-font-weight:var(--h2_typography-font-weight);--awb-caption-title-font-style:var(--h2_typography-font-style);--awb-caption-title-size:var(--h2_typography-font-size);--awb-caption-title-transform:var(--h2_typography-text-transform);--awb-caption-title-line-height:var(--h2_typography-line-height);--awb-caption-title-letter-spacing:var(--h2_typography-letter-spacing);\"><span class=\" fusion-imageframe imageframe-none imageframe-1 hover-type-none invisible\"><img decoding=\"async\" width=\"1577\" height=\"1068\" alt=\"Ready EcoDesign\" title=\"big_captura-de-pantalla-2021-06-02-a-las-13-25-34\" src=\"https:\/\/staging.hergom.eurocastaliapruebas.com\/wp-content\/uploads\/2022\/06\/big-captura-de-pantalla-2021-06-02-a-las-13-25-34.png\" data-orig-src=\"https:\/\/staging.hergom.eurocastaliapruebas.com\/wp-content\/uploads\/2022\/06\/big-captura-de-pantalla-2021-06-02-a-las-13-25-34.png\" class=\"lazyload img-responsive wp-image-14213\" srcset=\"data:image\/svg+xml,%3Csvg%20xmlns%3D%27http%3A%2F%2Fwww.w3.org%2F2000%2Fsvg%27%20width%3D%271577%27%20height%3D%271068%27%20viewBox%3D%270%200%201577%201068%27%3E%3Crect%20width%3D%271577%27%20height%3D%271068%27%20fill-opacity%3D%220%22%2F%3E%3C%2Fsvg%3E\" data-srcset=\"https:\/\/staging.hergom.eurocastaliapruebas.com\/wp-content\/uploads\/2022\/06\/big-captura-de-pantalla-2021-06-02-a-las-13-25-34-200x135.png 200w, https:\/\/staging.hergom.eurocastaliapruebas.com\/wp-content\/uploads\/2022\/06\/big-captura-de-pantalla-2021-06-02-a-las-13-25-34-400x271.png 400w, https:\/\/staging.hergom.eurocastaliapruebas.com\/wp-content\/uploads\/2022\/06\/big-captura-de-pantalla-2021-06-02-a-las-13-25-34-600x406.png 600w, https:\/\/staging.hergom.eurocastaliapruebas.com\/wp-content\/uploads\/2022\/06\/big-captura-de-pantalla-2021-06-02-a-las-13-25-34-800x542.png 800w, https:\/\/staging.hergom.eurocastaliapruebas.com\/wp-content\/uploads\/2022\/06\/big-captura-de-pantalla-2021-06-02-a-las-13-25-34-1200x813.png 1200w, https:\/\/staging.hergom.eurocastaliapruebas.com\/wp-content\/uploads\/2022\/06\/big-captura-de-pantalla-2021-06-02-a-las-13-25-34.png 1577w\" data-sizes=\"auto\" data-orig-sizes=\"(max-width: 800px) 100vw, 800px\" \/><\/span><\/div><div class=\"fusion-clearfix\"><\/div><\/div><\/div><div class=\"fusion-layout-column fusion_builder_column fusion-builder-column-2 fusion_builder_column_1_2 1_2 fusion-one-half fusion-column-last colFlex\" style=\"--awb-bg-size:cover;width:50%;width:calc(50% - ( ( 0px ) * 0.5 ) );\"><div class=\"fusion-column-wrapper fusion-column-has-shadow fusion-flex-column-wrapper-legacy\"><div class=\"fusion-title title fusion-title-2 fusion-sep-none fusion-title-text fusion-title-size-two tituloH2Apartado\" style=\"--awb-text-color:#c00027;--awb-margin-bottom:0px;--awb-margin-bottom-small:0px;\"><h2 class=\"fusion-title-heading title-heading-left\" style=\"margin:0;\">WHAT ADVANTAGES DOES THIS HAVE FOR YOU?<\/h2><\/div><div class=\"fusion-text fusion-text-2 fusion-text-no-margin textoEditor\" style=\"--awb-margin-top:24px;--awb-margin-right:0px;--awb-margin-bottom:0px;--awb-margin-left:0px;\"><ul>\n<li>You will consume less<\/li>\n<li>You will save more<\/li>\n<li>You will take care of the environment<\/li>\n<li>Improve the air quality in your home<\/li>\n<li>You will protect your health and the health of your loved ones.<\/li>\n<\/ul>\n<\/div><div class=\"fusion-clearfix\"><\/div><\/div><\/div><\/div><\/div><div class=\"fusion-fullwidth fullwidth-box fusion-builder-row-3 contenedorFranjasEcodesign nonhundred-percent-fullwidth non-hundred-percent-height-scrolling\" style=\"--awb-border-radius-top-left:0px;--awb-border-radius-top-right:0px;--awb-border-radius-bottom-right:0px;--awb-border-radius-bottom-left:0px;--awb-padding-top:0px;--awb-padding-right:0px;--awb-padding-bottom:0px;--awb-padding-left:0px;--awb-margin-top:0px;--awb-margin-bottom:0px;--awb-flex-wrap:wrap;\" ><div class=\"fusion-builder-row fusion-row\"><div class=\"fusion-layout-column fusion_builder_column fusion-builder-column-3 fusion_builder_column_1_2 1_2 fusion-one-half fusion-column-first colFlex\" style=\"--awb-bg-size:cover;width:50%;width:calc(50% - ( ( 0px ) * 0.5 ) );margin-right: 0px;\"><div class=\"fusion-column-wrapper fusion-column-has-shadow fusion-flex-column-wrapper-legacy\"><div class=\"fusion-title title fusion-title-3 fusion-sep-none fusion-title-text fusion-title-size-two tituloH2Apartado\" style=\"--awb-text-color:#c00027;--awb-margin-bottom:0px;--awb-margin-bottom-small:0px;\"><h2 class=\"fusion-title-heading title-heading-left\" style=\"margin:0;\">HOW TO KNOW IF A PRODUCT COMPLIES WITH ECODESING 2022<\/h2><\/div><div class=\"fusion-text fusion-text-3 fusion-text-no-margin textoEditor\" style=\"--awb-margin-top:24px;--awb-margin-right:0px;--awb-margin-bottom:0px;--awb-margin-left:0px;\"><p>Through their emissions data, which must be published by the manufacturers on a mandatory basis and must comply with at least the following ratios:<\/p>\n<ul>\n<li>Yield &#8216; 75%<\/li>\n<li>CO &#8216; 0.12% Emissions<\/li>\n<li>NOx emissions &#8216; 200 mg\/m3<\/li>\n<li>OGC emissions &#8216; 120 mg\/m3<\/li>\n<li>Particulate matter &#8216; 40mg\/m3<\/li>\n<\/ul>\n<\/div><div class=\"fusion-clearfix\"><\/div><\/div><\/div><div class=\"fusion-layout-column fusion_builder_column fusion-builder-column-4 fusion_builder_column_1_2 1_2 fusion-one-half fusion-column-last colFlex\" style=\"--awb-bg-position:center center;--awb-bg-size:cover;width:50%;width:calc(50% - ( ( 0px ) * 0.5 ) );\"><div class=\"fusion-column-wrapper lazyload fusion-column-has-shadow fusion-flex-column-wrapper-legacy fusion-column-has-bg-image\" data-bg-url=\"https:\/\/staging.hergom.eurocastaliapruebas.com\/wp-content\/uploads\/2022\/06\/big-fuego-web.jpg\" data-bg=\"https:\/\/staging.hergom.eurocastaliapruebas.com\/wp-content\/uploads\/2022\/06\/big-fuego-web.jpg\"><div class=\"fusion-image-element in-legacy-container\" style=\"--awb-margin-top:0px;--awb-margin-right:0px;--awb-margin-bottom:0px;--awb-margin-left:0px;--awb-caption-title-font-family:var(--h2_typography-font-family);--awb-caption-title-font-weight:var(--h2_typography-font-weight);--awb-caption-title-font-style:var(--h2_typography-font-style);--awb-caption-title-size:var(--h2_typography-font-size);--awb-caption-title-transform:var(--h2_typography-text-transform);--awb-caption-title-line-height:var(--h2_typography-line-height);--awb-caption-title-letter-spacing:var(--h2_typography-letter-spacing);\"><span class=\" fusion-imageframe imageframe-none imageframe-2 hover-type-none invisible\"><img decoding=\"async\" width=\"1600\" height=\"1066\" alt=\"Ready EcoDesign\" title=\"big_fuego-web\" src=\"https:\/\/staging.hergom.eurocastaliapruebas.com\/wp-content\/uploads\/2022\/06\/big-fuego-web.jpg\" data-orig-src=\"https:\/\/staging.hergom.eurocastaliapruebas.com\/wp-content\/uploads\/2022\/06\/big-fuego-web.jpg\" class=\"lazyload img-responsive wp-image-14217\" srcset=\"data:image\/svg+xml,%3Csvg%20xmlns%3D%27http%3A%2F%2Fwww.w3.org%2F2000%2Fsvg%27%20width%3D%271600%27%20height%3D%271066%27%20viewBox%3D%270%200%201600%201066%27%3E%3Crect%20width%3D%271600%27%20height%3D%271066%27%20fill-opacity%3D%220%22%2F%3E%3C%2Fsvg%3E\" data-srcset=\"https:\/\/staging.hergom.eurocastaliapruebas.com\/wp-content\/uploads\/2022\/06\/big-fuego-web-200x133.jpg 200w, https:\/\/staging.hergom.eurocastaliapruebas.com\/wp-content\/uploads\/2022\/06\/big-fuego-web-400x267.jpg 400w, https:\/\/staging.hergom.eurocastaliapruebas.com\/wp-content\/uploads\/2022\/06\/big-fuego-web-600x400.jpg 600w, https:\/\/staging.hergom.eurocastaliapruebas.com\/wp-content\/uploads\/2022\/06\/big-fuego-web-800x533.jpg 800w, https:\/\/staging.hergom.eurocastaliapruebas.com\/wp-content\/uploads\/2022\/06\/big-fuego-web-1200x800.jpg 1200w, https:\/\/staging.hergom.eurocastaliapruebas.com\/wp-content\/uploads\/2022\/06\/big-fuego-web.jpg 1600w\" data-sizes=\"auto\" data-orig-sizes=\"(max-width: 800px) 100vw, 800px\" \/><\/span><\/div><div class=\"fusion-clearfix\"><\/div><\/div><\/div><\/div><\/div><div class=\"fusion-fullwidth fullwidth-box fusion-builder-row-4 contenedorFranjasEcodesign nonhundred-percent-fullwidth non-hundred-percent-height-scrolling\" style=\"--awb-border-radius-top-left:0px;--awb-border-radius-top-right:0px;--awb-border-radius-bottom-right:0px;--awb-border-radius-bottom-left:0px;--awb-padding-top:0px;--awb-padding-right:0px;--awb-padding-bottom:0px;--awb-padding-left:0px;--awb-margin-top:0px;--awb-margin-bottom:0px;--awb-flex-wrap:wrap;\" ><div class=\"fusion-builder-row fusion-row\"><div class=\"fusion-layout-column fusion_builder_column fusion-builder-column-5 fusion_builder_column_1_3 1_3 fusion-one-third fusion-column-first colFlex\" style=\"--awb-bg-position:center center;--awb-bg-size:cover;width:33.333333333333%;width:calc(33.333333333333% - ( ( 4% ) * 0.33333333333333 ) );margin-right: 4%;\"><div class=\"fusion-column-wrapper lazyload fusion-column-has-shadow fusion-flex-column-wrapper-legacy fusion-column-has-bg-image\" data-bg-url=\"https:\/\/staging.hergom.eurocastaliapruebas.com\/wp-content\/uploads\/2022\/06\/big-captura-de-pantalla-2021-06-02-a-las-13-25-34.png\" data-bg=\"https:\/\/staging.hergom.eurocastaliapruebas.com\/wp-content\/uploads\/2022\/06\/big-captura-de-pantalla-2021-06-02-a-las-13-25-34.png\"><div class=\"fusion-image-element in-legacy-container\" style=\"--awb-margin-top:0px;--awb-margin-right:0px;--awb-margin-bottom:0px;--awb-margin-left:0px;--awb-caption-title-font-family:var(--h2_typography-font-family);--awb-caption-title-font-weight:var(--h2_typography-font-weight);--awb-caption-title-font-style:var(--h2_typography-font-style);--awb-caption-title-size:var(--h2_typography-font-size);--awb-caption-title-transform:var(--h2_typography-text-transform);--awb-caption-title-line-height:var(--h2_typography-line-height);--awb-caption-title-letter-spacing:var(--h2_typography-letter-spacing);\"><span class=\" fusion-imageframe imageframe-none imageframe-3 hover-type-none invisible\"><img decoding=\"async\" width=\"536\" height=\"484\" alt=\"Ready EcoDesign\" title=\"biomasa\" src=\"https:\/\/staging.hergom.eurocastaliapruebas.com\/wp-content\/uploads\/2022\/05\/biomasa.jpg\" data-orig-src=\"https:\/\/staging.hergom.eurocastaliapruebas.com\/wp-content\/uploads\/2022\/05\/biomasa.jpg\" class=\"lazyload img-responsive wp-image-13525\" srcset=\"data:image\/svg+xml,%3Csvg%20xmlns%3D%27http%3A%2F%2Fwww.w3.org%2F2000%2Fsvg%27%20width%3D%27536%27%20height%3D%27484%27%20viewBox%3D%270%200%20536%20484%27%3E%3Crect%20width%3D%27536%27%20height%3D%27484%27%20fill-opacity%3D%220%22%2F%3E%3C%2Fsvg%3E\" data-srcset=\"https:\/\/staging.hergom.eurocastaliapruebas.com\/wp-content\/uploads\/2022\/05\/biomasa-200x181.jpg 200w, https:\/\/staging.hergom.eurocastaliapruebas.com\/wp-content\/uploads\/2022\/05\/biomasa-400x361.jpg 400w, https:\/\/staging.hergom.eurocastaliapruebas.com\/wp-content\/uploads\/2022\/05\/biomasa.jpg 536w\" data-sizes=\"auto\" data-orig-sizes=\"(max-width: 800px) 100vw, 400px\" \/><\/span><\/div><div class=\"fusion-clearfix\"><\/div><\/div><\/div><div class=\"fusion-layout-column fusion_builder_column fusion-builder-column-6 fusion_builder_column_2_3 2_3 fusion-two-third fusion-column-last colFlex\" style=\"--awb-bg-size:cover;width:66.666666666667%;width:calc(66.666666666667% - ( ( 4% ) * 0.66666666666667 ) );\"><div class=\"fusion-column-wrapper fusion-column-has-shadow fusion-flex-column-wrapper-legacy\"><div class=\"fusion-title title fusion-title-4 fusion-sep-none fusion-title-text fusion-title-size-two tituloH2Apartado\" style=\"--awb-text-color:#c00027;--awb-margin-bottom:0px;--awb-margin-bottom-small:0px;\"><h2 class=\"fusion-title-heading title-heading-left\" style=\"margin:0;\">A natural, renewable and &#8220;CO2 neutral&#8221; fuel<\/h2><\/div><div class=\"fusion-text fusion-text-4 fusion-text-no-margin textoEditor\" style=\"--awb-margin-top:0px;--awb-margin-right:0px;--awb-margin-bottom:0px;--awb-margin-left:0px;\"><p>By using wood as fuel with our maximum efficiency appliances, you are contributing to a less polluted and more sustainable world..<\/p>\n<p>When burning wood in our wood-burning appliances, the amount of CO2 released into the atmosphere is no more than if the same wood were to follow its natural decomposition process in the forest.<\/p>\n<p>The proportion of CO2 resulting from combustion is so small that the trees themselves absorb it through photosynthesis to convert the carbon back into wood. Unlike fossil fuels, this release-absorption cycle can be repeated indefinitely without producing excess CO2.<\/p>\n<p>According to estimates by the US Environmental Protection Agency, an increase in the amount of fuel from biomass would significantly reduce the impact of the greenhouse effect on the planet.<\/p>\n<p>Our commitment is clear: to care for the environment and people&#8217;s health.<\/p>\n<p>That is why we already have a whole generation of products certified according to the ECOdesign standard.<\/p>\n<p>We are Ready!<\/p>\n<\/div><div class=\"fusion-clearfix\"><\/div><\/div><\/div><\/div><\/div><div class=\"fusion-fullwidth fullwidth-box fusion-builder-row-5 fusion-flex-container nonhundred-percent-fullwidth non-hundred-percent-height-scrolling\" style=\"--awb-border-radius-top-left:0px;--awb-border-radius-top-right:0px;--awb-border-radius-bottom-right:0px;--awb-border-radius-bottom-left:0px;--awb-flex-wrap:wrap;\" ><div class=\"fusion-builder-row fusion-row fusion-flex-align-items-flex-start fusion-flex-content-wrap\" style=\"max-width:1289.6px;margin-left: calc(-4% \/ 2 );margin-right: calc(-4% \/ 2 );\"><\/div><\/div><\/p>\n","protected":false},"excerpt":{"rendered":"","protected":false},"author":1,"featured_media":0,"parent":0,"menu_order":0,"comment_status":"closed","ping_status":"closed","template":"100-width.php","meta":{"_acf_changed":false,"_monsterinsights_skip_tracking":false,"_monsterinsights_sitenote_active":false,"_monsterinsights_sitenote_note":"","_monsterinsights_sitenote_category":0,"_uf_show_specific_survey":0,"_uf_disable_surveys":false,"footnotes":""},"class_list":["post-21752","page","type-page","status-publish","hentry"],"acf":[],"yoast_head":"<!-- This site is optimized with the Yoast SEO plugin v24.7 - https:\/\/yoast.com\/wordpress\/plugins\/seo\/ -->\n<title>Ecodesign - Hergom<\/title>\n<meta name=\"robots\" content=\"noindex, follow, max-snippet:-1, max-image-preview:large, max-video-preview:-1\" \/>\n<meta property=\"og:locale\" content=\"en_US\" \/>\n<meta property=\"og:type\" content=\"article\" \/>\n<meta property=\"og:title\" content=\"Ecodesign - Hergom\" \/>\n<meta property=\"og:url\" content=\"https:\/\/staging.hergom.eurocastaliapruebas.com\/en\/ecodesign\/\" \/>\n<meta property=\"og:site_name\" content=\"Hergom\" \/>\n<meta property=\"article:modified_time\" content=\"2023-11-20T10:07:37+00:00\" \/>\n<meta name=\"twitter:card\" content=\"summary_large_image\" \/>\n<meta name=\"twitter:label1\" content=\"Est. reading time\" \/>\n\t<meta name=\"twitter:data1\" content=\"30 minutes\" \/>\n<script type=\"application\/ld+json\" class=\"yoast-schema-graph\">{\"@context\":\"https:\/\/schema.org\",\"@graph\":[{\"@type\":\"WebPage\",\"@id\":\"https:\/\/staging.hergom.eurocastaliapruebas.com\/en\/ecodesign\/\",\"url\":\"https:\/\/staging.hergom.eurocastaliapruebas.com\/en\/ecodesign\/\",\"name\":\"Ecodesign - Hergom\",\"isPartOf\":{\"@id\":\"https:\/\/staging.hergom.eurocastaliapruebas.com\/en\/#website\"},\"datePublished\":\"2022-06-10T07:00:59+00:00\",\"dateModified\":\"2023-11-20T10:07:37+00:00\",\"breadcrumb\":{\"@id\":\"https:\/\/staging.hergom.eurocastaliapruebas.com\/en\/ecodesign\/#breadcrumb\"},\"inLanguage\":\"en-US\",\"potentialAction\":[{\"@type\":\"ReadAction\",\"target\":[\"https:\/\/staging.hergom.eurocastaliapruebas.com\/en\/ecodesign\/\"]}]},{\"@type\":\"BreadcrumbList\",\"@id\":\"https:\/\/staging.hergom.eurocastaliapruebas.com\/en\/ecodesign\/#breadcrumb\",\"itemListElement\":[{\"@type\":\"ListItem\",\"position\":1,\"name\":\"Home\",\"item\":\"https:\/\/staging.hergom.eurocastaliapruebas.com\/en\/\"},{\"@type\":\"ListItem\",\"position\":2,\"name\":\"Ecodesign\"}]},{\"@type\":\"WebSite\",\"@id\":\"https:\/\/staging.hergom.eurocastaliapruebas.com\/en\/#website\",\"url\":\"https:\/\/staging.hergom.eurocastaliapruebas.com\/en\/\",\"name\":\"Hergom\",\"description\":\"Estufas de le\u00f1a y pellets. Chimeneas de le\u00f1a y gas. Cocinas de le\u00f1a\",\"potentialAction\":[{\"@type\":\"SearchAction\",\"target\":{\"@type\":\"EntryPoint\",\"urlTemplate\":\"https:\/\/staging.hergom.eurocastaliapruebas.com\/en\/?s={search_term_string}\"},\"query-input\":{\"@type\":\"PropertyValueSpecification\",\"valueRequired\":true,\"valueName\":\"search_term_string\"}}],\"inLanguage\":\"en-US\"}]}<\/script>\n<!-- \/ Yoast SEO plugin. -->","yoast_head_json":{"title":"Ecodesign - Hergom","robots":{"index":"noindex","follow":"follow","max-snippet":"max-snippet:-1","max-image-preview":"max-image-preview:large","max-video-preview":"max-video-preview:-1"},"og_locale":"en_US","og_type":"article","og_title":"Ecodesign - Hergom","og_url":"https:\/\/staging.hergom.eurocastaliapruebas.com\/en\/ecodesign\/","og_site_name":"Hergom","article_modified_time":"2023-11-20T10:07:37+00:00","twitter_card":"summary_large_image","twitter_misc":{"Est. reading time":"30 minutes"},"schema":{"@context":"https:\/\/schema.org","@graph":[{"@type":"WebPage","@id":"https:\/\/staging.hergom.eurocastaliapruebas.com\/en\/ecodesign\/","url":"https:\/\/staging.hergom.eurocastaliapruebas.com\/en\/ecodesign\/","name":"Ecodesign - Hergom","isPartOf":{"@id":"https:\/\/staging.hergom.eurocastaliapruebas.com\/en\/#website"},"datePublished":"2022-06-10T07:00:59+00:00","dateModified":"2023-11-20T10:07:37+00:00","breadcrumb":{"@id":"https:\/\/staging.hergom.eurocastaliapruebas.com\/en\/ecodesign\/#breadcrumb"},"inLanguage":"en-US","potentialAction":[{"@type":"ReadAction","target":["https:\/\/staging.hergom.eurocastaliapruebas.com\/en\/ecodesign\/"]}]},{"@type":"BreadcrumbList","@id":"https:\/\/staging.hergom.eurocastaliapruebas.com\/en\/ecodesign\/#breadcrumb","itemListElement":[{"@type":"ListItem","position":1,"name":"Home","item":"https:\/\/staging.hergom.eurocastaliapruebas.com\/en\/"},{"@type":"ListItem","position":2,"name":"Ecodesign"}]},{"@type":"WebSite","@id":"https:\/\/staging.hergom.eurocastaliapruebas.com\/en\/#website","url":"https:\/\/staging.hergom.eurocastaliapruebas.com\/en\/","name":"Hergom","description":"Estufas de le\u00f1a y pellets. Chimeneas de le\u00f1a y gas. Cocinas de le\u00f1a","potentialAction":[{"@type":"SearchAction","target":{"@type":"EntryPoint","urlTemplate":"https:\/\/staging.hergom.eurocastaliapruebas.com\/en\/?s={search_term_string}"},"query-input":{"@type":"PropertyValueSpecification","valueRequired":true,"valueName":"search_term_string"}}],"inLanguage":"en-US"}]}},"_links":{"self":[{"href":"https:\/\/staging.hergom.eurocastaliapruebas.com\/en\/wp-json\/wp\/v2\/pages\/21752","targetHints":{"allow":["GET"]}}],"collection":[{"href":"https:\/\/staging.hergom.eurocastaliapruebas.com\/en\/wp-json\/wp\/v2\/pages"}],"about":[{"href":"https:\/\/staging.hergom.eurocastaliapruebas.com\/en\/wp-json\/wp\/v2\/types\/page"}],"author":[{"embeddable":true,"href":"https:\/\/staging.hergom.eurocastaliapruebas.com\/en\/wp-json\/wp\/v2\/users\/1"}],"replies":[{"embeddable":true,"href":"https:\/\/staging.hergom.eurocastaliapruebas.com\/en\/wp-json\/wp\/v2\/comments?post=21752"}],"version-history":[{"count":0,"href":"https:\/\/staging.hergom.eurocastaliapruebas.com\/en\/wp-json\/wp\/v2\/pages\/21752\/revisions"}],"wp:attachment":[{"href":"https:\/\/staging.hergom.eurocastaliapruebas.com\/en\/wp-json\/wp\/v2\/media?parent=21752"}],"curies":[{"name":"wp","href":"https:\/\/api.w.org\/{rel}","templated":true}]}}