{"id":21666,"date":"2022-05-17T12:18:52","date_gmt":"2022-05-17T10:18:52","guid":{"rendered":"https:\/\/www.hergom.com\/communication\/"},"modified":"2023-11-17T09:24:19","modified_gmt":"2023-11-17T08:24:19","slug":"communication","status":"publish","type":"page","link":"https:\/\/staging.hergom.eurocastaliapruebas.com\/en\/communication\/","title":{"rendered":"Communication"},"content":{"rendered":"<p><div class=\"fusion-fullwidth fullwidth-box fusion-builder-row-1 nonhundred-percent-fullwidth non-hundred-percent-height-scrolling\" style=\"--awb-border-radius-top-left:0px;--awb-border-radius-top-right:0px;--awb-border-radius-bottom-right:0px;--awb-border-radius-bottom-left:0px;--awb-padding-top:0px;--awb-padding-bottom:0px;--awb-margin-top:0px;--awb-margin-bottom:0px;--awb-flex-wrap:wrap;\" id=\"contenedorDescripcionTaxonomia\" ><div class=\"fusion-builder-row fusion-row\"><div class=\"fusion-layout-column fusion_builder_column fusion-builder-column-0 fusion_builder_column_1_1 1_1 fusion-one-full fusion-column-first fusion-column-last\" style=\"--awb-bg-size:cover;\" id=\"contenidoDescripcionTaxonomia\"><div class=\"fusion-column-wrapper fusion-column-has-shadow fusion-flex-column-wrapper-legacy\"><div class=\"fusion-title title fusion-title-1 fusion-sep-none fusion-title-text fusion-title-size-one tituloH1Apartado\" style=\"--awb-text-color:#c70c26;--awb-margin-bottom:0px;--awb-margin-bottom-small:0px;--awb-font-size:2.6rem;\"><h1 class=\"fusion-title-heading title-heading-left\" style=\"font-family:&quot;Fira Sans&quot;;font-style:italic;font-weight:700;margin:0;font-size:1em;text-transform:none;line-height:125%;\"><\/h1><\/div><div class=\"fusion-title title fusion-title-2 fusion-sep-none fusion-title-text fusion-title-size-one\" style=\"--awb-text-color:#c70c26;--awb-margin-bottom:0px;--awb-margin-bottom-small:0px;--awb-font-size:3rem;\"><h1 class=\"fusion-title-heading title-heading-left\" style=\"font-family:&quot;Fira Sans&quot;;font-style:italic;font-weight:600;margin:0;font-size:1em;line-height:125%;\">Keep up to date with our news<\/h1><\/div><div class=\"fusion-text fusion-text-1\"><\/div><div class=\"fusion-text fusion-text-2 fusion-text-no-margin textoEditor\" style=\"--awb-font-size:1.6rem;--awb-line-height:150%;--awb-margin-top:24px;--awb-margin-right:0px;--awb-margin-bottom:0px;--awb-margin-left:0px;--awb-text-font-family:&quot;Fira Sans&quot;;--awb-text-font-style:normal;--awb-text-font-weight:400;\"><p>At Herg\u00f3m, we have been growing alongside you for 60 years, <strong>developing the most advanced solutions in heating with wood and other fuels<\/strong> and promoting the maximum sustainability of such an ancestral tradition as heating ourselves with fire.<\/p>\n<p>And we have always liked to keep you up to date, to tell you news about our <strong>cast iron products<\/strong>, to inform you about improvements that benefit our quality of life or that of our environment and to keep up to date with trends in the sector.<\/p>\n<\/div><div class=\"fusion-text fusion-text-3\"><\/div><div class=\"fusion-clearfix\"><\/div><\/div><\/div><\/div><\/div><div class=\"fusion-fullwidth fullwidth-box fusion-builder-row-2 contenedorCategoria nonhundred-percent-fullwidth non-hundred-percent-height-scrolling fusion-animated\" style=\"--awb-border-radius-top-left:0px;--awb-border-radius-top-right:0px;--awb-border-radius-bottom-right:0px;--awb-border-radius-bottom-left:0px;--awb-padding-top:0px;--awb-padding-bottom:0px;--awb-margin-top:32px;--awb-margin-bottom:0px;--awb-flex-wrap:wrap;\" data-animationType=\"fadeInLeft\" data-animationDuration=\"0.8\" data-animationOffset=\"top-mid-of-view\" ><div class=\"fusion-builder-row fusion-row\"><div class=\"fusion-layout-column fusion_builder_column fusion-builder-column-1 fusion_builder_column_1_2 1_2 fusion-one-half fusion-column-first colFlex datos\" style=\"--awb-bg-size:cover;width:50%;width:calc(50% - ( ( 0px ) * 0.5 ) );margin-right: 0px;\"><div class=\"fusion-column-wrapper fusion-column-has-shadow fusion-flex-column-wrapper-legacy\"><div class=\"fusion-title title fusion-title-3 fusion-sep-none fusion-title-text fusion-title-size-one tituloH1Apartado\" style=\"--awb-text-color:#c70c26;--awb-margin-bottom:0px;--awb-margin-bottom-small:0px;--awb-font-size:2.4rem;\"><h1 class=\"fusion-title-heading title-heading-left\" style=\"font-family:&quot;Fira Sans&quot;;font-style:italic;font-weight:500;margin:0;font-size:1em;line-height:125%;\">Foundry Blog<\/h1><\/div><div class=\"fusion-text fusion-text-4 fusion-text-no-margin textoEditor\" style=\"--awb-font-size:1.6rem;--awb-line-height:150%;--awb-margin-top:24px;--awb-margin-right:0px;--awb-margin-bottom:32px;--awb-margin-left:0px;--awb-text-font-family:&quot;Fira Sans&quot;;--awb-text-font-style:normal;--awb-text-font-weight:400;\"><ul>\n<li class=\"upper\">TRENDS<\/li>\n<li class=\"upper\">NEW PRODUCTS<\/li>\n<li class=\"upper\">NEWS<\/li>\n<li class=\"upper\">COMMUNICATIONS <\/li>\n<\/ul>\n<\/div><div class=\"fusion-button-wrapper\"><a class=\"fusion-button button-flat fusion-button-default-size button-custom fusion-button-default button-1 fusion-button-default-span fusion-button-default-type btn\" style=\"--button_accent_color:#ffffff;--button_border_color:#ad001c;--button_accent_hover_color:#ffffff;--button_border_hover_color:#000000;--button_border_width-top:1px;--button_border_width-right:1px;--button_border_width-bottom:1px;--button_border_width-left:1px;--button-border-radius-top-left:12px;--button-border-radius-top-right:12px;--button-border-radius-bottom-right:12px;--button-border-radius-bottom-left:12px;--button_gradient_top_color:#ad001c;--button_gradient_bottom_color:#ad001c;--button_gradient_top_color_hover:#000000;--button_gradient_bottom_color_hover:#000000;--button_text_transform:none;--button_font_size:1.6rem;--button_line_height:125%;--button_padding-top:16px;--button_padding-right:16px;--button_padding-bottom:16px;--button_padding-left:16px;--button_typography-font-family:&quot;Fira Sans&quot;;--button_typography-font-style:normal;--button_typography-font-weight:400;--button_margin-top:0px;--button_margin-right:0px;--button_margin-bottom:0px;--button_margin-left:0px;\" target=\"_self\" title=\"Visit our blog\" aria-label=\"Visit our blog\" href=\"https:\/\/staging.hergom.eurocastaliapruebas.com\/en\/blog-foundry\/\"><i class=\"fa-eye fas button-icon-left\" aria-hidden=\"true\"><\/i><span class=\"fusion-button-text\">Visit our blog<\/span><\/a><\/div><div class=\"fusion-clearfix\"><\/div><\/div><\/div><div class=\"fusion-layout-column fusion_builder_column fusion-builder-column-2 fusion_builder_column_1_2 1_2 fusion-one-half fusion-column-last colFlex imagen\" style=\"--awb-bg-size:cover;width:50%;width:calc(50% - ( ( 0px ) * 0.5 ) );\"><div class=\"fusion-column-wrapper fusion-column-has-shadow fusion-flex-column-wrapper-legacy\"><div class=\"fusion-clearfix\"><\/div><\/div><\/div><\/div><\/div><div class=\"fusion-fullwidth fullwidth-box fusion-builder-row-3 contenedorCategoria derecha nonhundred-percent-fullwidth non-hundred-percent-height-scrolling fusion-animated\" style=\"--awb-border-radius-top-left:0px;--awb-border-radius-top-right:0px;--awb-border-radius-bottom-right:0px;--awb-border-radius-bottom-left:0px;--awb-margin-top:32px;--awb-margin-bottom:0px;--awb-background-color:#f7f7f7;--awb-flex-wrap:wrap;\" data-animationType=\"fadeInRight\" data-animationDuration=\"1.0\" data-animationOffset=\"top-into-view\" ><div class=\"fusion-builder-row fusion-row\"><div class=\"fusion-layout-column fusion_builder_column fusion-builder-column-3 fusion_builder_column_1_2 1_2 fusion-one-half fusion-column-first colFlex imagen\" style=\"--awb-padding-top:3%;--awb-padding-bottom:3%;--awb-bg-size:cover;width:50%;width:calc(50% - ( ( 0px ) * 0.5 ) );margin-right: 0px;\"><div class=\"fusion-column-wrapper fusion-column-has-shadow fusion-flex-column-wrapper-legacy\"><div class=\"fusion-image-element in-legacy-container\" style=\"--awb-aspect-ratio:5 \/ 4;--awb-margin-top:0px;--awb-margin-right:0px;--awb-margin-bottom:0px;--awb-margin-left:0px;--awb-caption-title-font-family:var(--h2_typography-font-family);--awb-caption-title-font-weight:var(--h2_typography-font-weight);--awb-caption-title-font-style:var(--h2_typography-font-style);--awb-caption-title-size:var(--h2_typography-font-size);--awb-caption-title-transform:var(--h2_typography-text-transform);--awb-caption-title-line-height:var(--h2_typography-line-height);--awb-caption-title-letter-spacing:var(--h2_typography-letter-spacing);\"><span class=\" fusion-imageframe imageframe-none imageframe-1 hover-type-zoomin has-aspect-ratio\"><img decoding=\"async\" width=\"200\" height=\"200\" title=\"canalmultimedia\" src=\"https:\/\/staging.hergom.eurocastaliapruebas.com\/wp-content\/uploads\/2022\/09\/canalmultimedia.png\" data-orig-src=\"https:\/\/staging.hergom.eurocastaliapruebas.com\/wp-content\/uploads\/2022\/09\/canalmultimedia-200x200.png\" class=\"lazyload img-responsive wp-image-17112 img-with-aspect-ratio\" alt srcset=\"data:image\/svg+xml,%3Csvg%20xmlns%3D%27http%3A%2F%2Fwww.w3.org%2F2000%2Fsvg%27%20width%3D%27400%27%20height%3D%27400%27%20viewBox%3D%270%200%20400%20400%27%3E%3Crect%20width%3D%27400%27%20height%3D%27400%27%20fill-opacity%3D%220%22%2F%3E%3C%2Fsvg%3E\" data-srcset=\"https:\/\/staging.hergom.eurocastaliapruebas.com\/wp-content\/uploads\/2022\/09\/canalmultimedia-200x200.png 200w, https:\/\/staging.hergom.eurocastaliapruebas.com\/wp-content\/uploads\/2022\/09\/canalmultimedia.png 400w\" data-sizes=\"auto\" data-orig-sizes=\"(max-width: 800px) 100vw, 200px\" \/><\/span><\/div><div class=\"fusion-clearfix\"><\/div><\/div><\/div><div class=\"fusion-layout-column fusion_builder_column fusion-builder-column-4 fusion_builder_column_1_2 1_2 fusion-one-half fusion-column-last colFlex datos\" style=\"--awb-padding-top:6%;--awb-padding-bottom:3%;--awb-bg-size:cover;width:50%;width:calc(50% - ( ( 0px ) * 0.5 ) );\"><div class=\"fusion-column-wrapper fusion-column-has-shadow fusion-flex-column-wrapper-legacy\"><div class=\"fusion-title title fusion-title-4 fusion-sep-none fusion-title-text fusion-title-size-one tituloH1Apartado\" style=\"--awb-text-color:#c70c26;--awb-margin-bottom:0px;--awb-margin-bottom-small:0px;--awb-font-size:2.4rem;\"><h1 class=\"fusion-title-heading title-heading-left\" style=\"font-family:&quot;Fira Sans&quot;;font-style:italic;font-weight:500;margin:0;font-size:1em;line-height:125%;\">Multimedia Channel<\/h1><\/div><div class=\"fusion-text fusion-text-5 fusion-text-no-margin textoEditor\" style=\"--awb-font-size:1.6rem;--awb-line-height:150%;--awb-margin-top:24px;--awb-margin-right:0px;--awb-margin-bottom:32px;--awb-margin-left:0px;--awb-text-font-family:&quot;Fira Sans&quot;;--awb-text-font-style:normal;--awb-text-font-weight:400;\"><p>Access and view the <strong>video presentations of the vast majority of our cast iron cookers, cookers and wood-burning fireplaces<\/strong> comfortably from any device. <\/p>\n<\/div><div class=\"fusion-button-wrapper\"><a class=\"fusion-button button-flat fusion-button-default-size button-custom fusion-button-default button-2 fusion-button-default-span fusion-button-default-type btn\" style=\"--button_accent_color:#ffffff;--button_border_color:#ad001c;--button_accent_hover_color:#ffffff;--button_border_hover_color:#000000;--button_border_width-top:1px;--button_border_width-right:1px;--button_border_width-bottom:1px;--button_border_width-left:1px;--button-border-radius-top-left:12px;--button-border-radius-top-right:12px;--button-border-radius-bottom-right:12px;--button-border-radius-bottom-left:12px;--button_gradient_top_color:#ad001c;--button_gradient_bottom_color:#ad001c;--button_gradient_top_color_hover:#000000;--button_gradient_bottom_color_hover:#000000;--button_text_transform:none;--button_font_size:1.6rem;--button_line_height:125%;--button_padding-top:16px;--button_padding-right:16px;--button_padding-bottom:16px;--button_padding-left:16px;--button_typography-font-family:&quot;Fira Sans&quot;;--button_typography-font-style:normal;--button_typography-font-weight:400;--button_margin-top:0px;--button_margin-right:0px;--button_margin-bottom:0px;--button_margin-left:0px;\" target=\"_self\" title=\"Access our video channel\" aria-label=\"Access our video channel\" href=\"https:\/\/staging.hergom.eurocastaliapruebas.com\/productos\/c\/hogares-lena\/\"><i class=\"fa-eye fas button-icon-left\" aria-hidden=\"true\"><\/i><span class=\"fusion-button-text\">Access our video channel<\/span><\/a><\/div><div class=\"fusion-clearfix\"><\/div><\/div><\/div><\/div><\/div><div class=\"fusion-fullwidth fullwidth-box fusion-builder-row-4 contenedorCategoria nonhundred-percent-fullwidth non-hundred-percent-height-scrolling fusion-animated\" style=\"--awb-border-radius-top-left:0px;--awb-border-radius-top-right:0px;--awb-border-radius-bottom-right:0px;--awb-border-radius-bottom-left:0px;--awb-padding-top:0px;--awb-padding-right:0px;--awb-padding-bottom:0px;--awb-padding-left:0px;--awb-margin-top:32px;--awb-margin-bottom:0px;--awb-flex-wrap:wrap;\" data-animationType=\"fadeInLeft\" data-animationDuration=\"1.3\" data-animationOffset=\"top-into-view\" ><div class=\"fusion-builder-row fusion-row\"><div class=\"fusion-layout-column fusion_builder_column fusion-builder-column-5 fusion_builder_column_1_2 1_2 fusion-one-half fusion-column-first colFlex datos\" style=\"--awb-bg-size:cover;width:50%;width:calc(50% - ( ( 0px ) * 0.5 ) );margin-right: 0px;\"><div class=\"fusion-column-wrapper fusion-column-has-shadow fusion-flex-column-wrapper-legacy\"><div class=\"fusion-title title fusion-title-5 fusion-sep-none fusion-title-text fusion-title-size-one tituloH1Apartado\" style=\"--awb-text-color:#c70c26;--awb-margin-bottom:0px;--awb-margin-bottom-small:0px;--awb-font-size:2.4rem;\"><h1 class=\"fusion-title-heading title-heading-left\" style=\"font-family:&quot;Fira Sans&quot;;font-style:italic;font-weight:500;margin:0;font-size:1em;line-height:125%;\">Catalogues and brochures<\/h1><\/div><div class=\"fusion-text fusion-text-6 fusion-text-no-margin textoEditor\" style=\"--awb-font-size:1.6rem;--awb-line-height:150%;--awb-margin-top:24px;--awb-margin-right:0px;--awb-margin-bottom:32px;--awb-margin-left:0px;--awb-text-font-family:&quot;Fira Sans&quot;;--awb-text-font-style:normal;--awb-text-font-weight:400;\"><p>Herg\u00f3m catalogues are a collector&#8217;s item. Because we want to inspire you, we offer you our products already installed in environments where the warmth of the spectacle of flames is the predominant note, so that it is easy for you to imagine them in your favourite spaces.<\/p>\n<p>And with all technical information detailed in a clear and transparent manner. <\/p>\n<p>In this section you can consult and download the catalogues and brochures with all the series of cookers, fireplaces and wood-burning cookers currently available. <\/p>\n<\/div><div class=\"fusion-button-wrapper\"><a class=\"fusion-button button-flat fusion-button-default-size button-custom fusion-button-default button-3 fusion-button-default-span fusion-button-default-type btn\" style=\"--button_accent_color:#ffffff;--button_border_color:#ad001c;--button_accent_hover_color:#ffffff;--button_border_hover_color:#000000;--button_border_width-top:1px;--button_border_width-right:1px;--button_border_width-bottom:1px;--button_border_width-left:1px;--button-border-radius-top-left:12px;--button-border-radius-top-right:12px;--button-border-radius-bottom-right:12px;--button-border-radius-bottom-left:12px;--button_gradient_top_color:#ad001c;--button_gradient_bottom_color:#ad001c;--button_gradient_top_color_hover:#000000;--button_gradient_bottom_color_hover:#000000;--button_text_transform:none;--button_font_size:1.6rem;--button_line_height:125%;--button_padding-top:16px;--button_padding-right:16px;--button_padding-bottom:16px;--button_padding-left:16px;--button_typography-font-family:&quot;Fira Sans&quot;;--button_typography-font-style:normal;--button_typography-font-weight:400;--button_margin-top:0px;--button_margin-right:0px;--button_margin-bottom:0px;--button_margin-left:0px;\" target=\"_self\" title=\"Herg\u00f3m Catalogues\" aria-label=\"Herg\u00f3m Catalogues\" href=\"https:\/\/staging.hergom.eurocastaliapruebas.com\/en\/catalogues\/\"><i class=\"fa-eye fas button-icon-left\" aria-hidden=\"true\"><\/i><span class=\"fusion-button-text\">Herg\u00f3m Catalogues<\/span><\/a><\/div><div class=\"fusion-clearfix\"><\/div><\/div><\/div><div class=\"fusion-layout-column fusion_builder_column fusion-builder-column-6 fusion_builder_column_1_2 1_2 fusion-one-half fusion-column-last colFlex imagen\" style=\"--awb-bg-size:cover;width:50%;width:calc(50% - ( ( 0px ) * 0.5 ) );\"><div class=\"fusion-column-wrapper fusion-column-has-shadow fusion-flex-column-wrapper-legacy\"><div class=\"fusion-image-element in-legacy-container\" style=\"--awb-aspect-ratio:5 \/ 4;--awb-margin-top:0px;--awb-margin-right:0px;--awb-margin-bottom:0px;--awb-margin-left:0px;--awb-caption-title-font-family:var(--h2_typography-font-family);--awb-caption-title-font-weight:var(--h2_typography-font-weight);--awb-caption-title-font-style:var(--h2_typography-font-style);--awb-caption-title-size:var(--h2_typography-font-size);--awb-caption-title-transform:var(--h2_typography-text-transform);--awb-caption-title-line-height:var(--h2_typography-line-height);--awb-caption-title-letter-spacing:var(--h2_typography-letter-spacing);\"><span class=\" fusion-imageframe imageframe-none imageframe-2 hover-type-zoomin has-aspect-ratio\"><img decoding=\"async\" width=\"212\" height=\"300\" title=\"EstufasyChimeneas2021_cover\" src=\"https:\/\/staging.hergom.eurocastaliapruebas.com\/wp-content\/uploads\/2022\/06\/estufasychimeneas2021-cover.jpg\" data-orig-src=\"https:\/\/staging.hergom.eurocastaliapruebas.com\/wp-content\/uploads\/2022\/06\/estufasychimeneas2021-cover-212x300.jpg\" class=\"lazyload img-responsive wp-image-16127 img-with-aspect-ratio\" alt srcset=\"data:image\/svg+xml,%3Csvg%20xmlns%3D%27http%3A%2F%2Fwww.w3.org%2F2000%2Fsvg%27%20width%3D%27827%27%20height%3D%271171%27%20viewBox%3D%270%200%20827%201171%27%3E%3Crect%20width%3D%27827%27%20height%3D%271171%27%20fill-opacity%3D%220%22%2F%3E%3C%2Fsvg%3E\" data-srcset=\"https:\/\/staging.hergom.eurocastaliapruebas.com\/wp-content\/uploads\/2022\/06\/estufasychimeneas2021-cover-200x283.jpg 200w, https:\/\/staging.hergom.eurocastaliapruebas.com\/wp-content\/uploads\/2022\/06\/estufasychimeneas2021-cover-400x566.jpg 400w, https:\/\/staging.hergom.eurocastaliapruebas.com\/wp-content\/uploads\/2022\/06\/estufasychimeneas2021-cover-600x850.jpg 600w, https:\/\/staging.hergom.eurocastaliapruebas.com\/wp-content\/uploads\/2022\/06\/estufasychimeneas2021-cover-800x1133.jpg 800w, https:\/\/staging.hergom.eurocastaliapruebas.com\/wp-content\/uploads\/2022\/06\/estufasychimeneas2021-cover.jpg 827w\" data-sizes=\"auto\" data-orig-sizes=\"(max-width: 800px) 100vw, 800px\" \/><\/span><\/div><div class=\"fusion-clearfix\"><\/div><\/div><\/div><\/div><\/div><div class=\"fusion-fullwidth fullwidth-box fusion-builder-row-5 fusion-flex-container nonhundred-percent-fullwidth non-hundred-percent-height-scrolling\" style=\"--awb-border-radius-top-left:0px;--awb-border-radius-top-right:0px;--awb-border-radius-bottom-right:0px;--awb-border-radius-bottom-left:0px;--awb-flex-wrap:wrap;\" ><div class=\"fusion-builder-row fusion-row fusion-flex-align-items-flex-start fusion-flex-content-wrap\" style=\"max-width:1289.6px;margin-left: calc(-4% \/ 2 );margin-right: calc(-4% \/ 2 );\"><div class=\"fusion-layout-column fusion_builder_column fusion-builder-column-7 fusion_builder_column_1_1 1_1 fusion-flex-column\" style=\"--awb-bg-size:cover;--awb-width-large:100%;--awb-margin-top-large:0px;--awb-spacing-right-large:1.92%;--awb-margin-bottom-large:0px;--awb-spacing-left-large:1.92%;--awb-width-medium:100%;--awb-spacing-right-medium:1.92%;--awb-spacing-left-medium:1.92%;--awb-width-small:100%;--awb-spacing-right-small:1.92%;--awb-spacing-left-small:1.92%;\"><div class=\"fusion-column-wrapper fusion-flex-justify-content-flex-start fusion-content-layout-column\"><\/div><\/div><\/div><\/div><\/p>\n","protected":false},"excerpt":{"rendered":"","protected":false},"author":1,"featured_media":0,"parent":0,"menu_order":0,"comment_status":"closed","ping_status":"closed","template":"100-width.php","meta":{"_acf_changed":false,"_monsterinsights_skip_tracking":false,"_monsterinsights_sitenote_active":false,"_monsterinsights_sitenote_note":"","_monsterinsights_sitenote_category":0,"_uf_show_specific_survey":0,"_uf_disable_surveys":false,"footnotes":""},"class_list":["post-21666","page","type-page","status-publish","hentry"],"acf":[],"yoast_head":"<!-- This site is optimized with the Yoast SEO plugin v24.7 - https:\/\/yoast.com\/wordpress\/plugins\/seo\/ -->\n<title>Communication - Hergom<\/title>\n<meta name=\"robots\" content=\"noindex, follow, max-snippet:-1, max-image-preview:large, max-video-preview:-1\" \/>\n<meta property=\"og:locale\" content=\"en_US\" \/>\n<meta property=\"og:type\" content=\"article\" \/>\n<meta property=\"og:title\" content=\"Communication - Hergom\" \/>\n<meta property=\"og:url\" content=\"https:\/\/staging.hergom.eurocastaliapruebas.com\/en\/communication\/\" \/>\n<meta property=\"og:site_name\" content=\"Hergom\" \/>\n<meta property=\"article:modified_time\" content=\"2023-11-17T08:24:19+00:00\" \/>\n<meta name=\"twitter:card\" content=\"summary_large_image\" \/>\n<meta name=\"twitter:label1\" content=\"Est. reading time\" \/>\n\t<meta name=\"twitter:data1\" content=\"32 minutes\" \/>\n<script type=\"application\/ld+json\" class=\"yoast-schema-graph\">{\"@context\":\"https:\/\/schema.org\",\"@graph\":[{\"@type\":\"WebPage\",\"@id\":\"https:\/\/staging.hergom.eurocastaliapruebas.com\/en\/communication\/\",\"url\":\"https:\/\/staging.hergom.eurocastaliapruebas.com\/en\/communication\/\",\"name\":\"Communication - Hergom\",\"isPartOf\":{\"@id\":\"https:\/\/staging.hergom.eurocastaliapruebas.com\/en\/#website\"},\"datePublished\":\"2022-05-17T10:18:52+00:00\",\"dateModified\":\"2023-11-17T08:24:19+00:00\",\"breadcrumb\":{\"@id\":\"https:\/\/staging.hergom.eurocastaliapruebas.com\/en\/communication\/#breadcrumb\"},\"inLanguage\":\"en-US\",\"potentialAction\":[{\"@type\":\"ReadAction\",\"target\":[\"https:\/\/staging.hergom.eurocastaliapruebas.com\/en\/communication\/\"]}]},{\"@type\":\"BreadcrumbList\",\"@id\":\"https:\/\/staging.hergom.eurocastaliapruebas.com\/en\/communication\/#breadcrumb\",\"itemListElement\":[{\"@type\":\"ListItem\",\"position\":1,\"name\":\"Home\",\"item\":\"https:\/\/staging.hergom.eurocastaliapruebas.com\/en\/\"},{\"@type\":\"ListItem\",\"position\":2,\"name\":\"Communication\"}]},{\"@type\":\"WebSite\",\"@id\":\"https:\/\/staging.hergom.eurocastaliapruebas.com\/en\/#website\",\"url\":\"https:\/\/staging.hergom.eurocastaliapruebas.com\/en\/\",\"name\":\"Hergom\",\"description\":\"Estufas de le\u00f1a y pellets. Chimeneas de le\u00f1a y gas. Cocinas de le\u00f1a\",\"potentialAction\":[{\"@type\":\"SearchAction\",\"target\":{\"@type\":\"EntryPoint\",\"urlTemplate\":\"https:\/\/staging.hergom.eurocastaliapruebas.com\/en\/?s={search_term_string}\"},\"query-input\":{\"@type\":\"PropertyValueSpecification\",\"valueRequired\":true,\"valueName\":\"search_term_string\"}}],\"inLanguage\":\"en-US\"}]}<\/script>\n<!-- \/ Yoast SEO plugin. -->","yoast_head_json":{"title":"Communication - Hergom","robots":{"index":"noindex","follow":"follow","max-snippet":"max-snippet:-1","max-image-preview":"max-image-preview:large","max-video-preview":"max-video-preview:-1"},"og_locale":"en_US","og_type":"article","og_title":"Communication - Hergom","og_url":"https:\/\/staging.hergom.eurocastaliapruebas.com\/en\/communication\/","og_site_name":"Hergom","article_modified_time":"2023-11-17T08:24:19+00:00","twitter_card":"summary_large_image","twitter_misc":{"Est. reading time":"32 minutes"},"schema":{"@context":"https:\/\/schema.org","@graph":[{"@type":"WebPage","@id":"https:\/\/staging.hergom.eurocastaliapruebas.com\/en\/communication\/","url":"https:\/\/staging.hergom.eurocastaliapruebas.com\/en\/communication\/","name":"Communication - Hergom","isPartOf":{"@id":"https:\/\/staging.hergom.eurocastaliapruebas.com\/en\/#website"},"datePublished":"2022-05-17T10:18:52+00:00","dateModified":"2023-11-17T08:24:19+00:00","breadcrumb":{"@id":"https:\/\/staging.hergom.eurocastaliapruebas.com\/en\/communication\/#breadcrumb"},"inLanguage":"en-US","potentialAction":[{"@type":"ReadAction","target":["https:\/\/staging.hergom.eurocastaliapruebas.com\/en\/communication\/"]}]},{"@type":"BreadcrumbList","@id":"https:\/\/staging.hergom.eurocastaliapruebas.com\/en\/communication\/#breadcrumb","itemListElement":[{"@type":"ListItem","position":1,"name":"Home","item":"https:\/\/staging.hergom.eurocastaliapruebas.com\/en\/"},{"@type":"ListItem","position":2,"name":"Communication"}]},{"@type":"WebSite","@id":"https:\/\/staging.hergom.eurocastaliapruebas.com\/en\/#website","url":"https:\/\/staging.hergom.eurocastaliapruebas.com\/en\/","name":"Hergom","description":"Estufas de le\u00f1a y pellets. Chimeneas de le\u00f1a y gas. Cocinas de le\u00f1a","potentialAction":[{"@type":"SearchAction","target":{"@type":"EntryPoint","urlTemplate":"https:\/\/staging.hergom.eurocastaliapruebas.com\/en\/?s={search_term_string}"},"query-input":{"@type":"PropertyValueSpecification","valueRequired":true,"valueName":"search_term_string"}}],"inLanguage":"en-US"}]}},"_links":{"self":[{"href":"https:\/\/staging.hergom.eurocastaliapruebas.com\/en\/wp-json\/wp\/v2\/pages\/21666","targetHints":{"allow":["GET"]}}],"collection":[{"href":"https:\/\/staging.hergom.eurocastaliapruebas.com\/en\/wp-json\/wp\/v2\/pages"}],"about":[{"href":"https:\/\/staging.hergom.eurocastaliapruebas.com\/en\/wp-json\/wp\/v2\/types\/page"}],"author":[{"embeddable":true,"href":"https:\/\/staging.hergom.eurocastaliapruebas.com\/en\/wp-json\/wp\/v2\/users\/1"}],"replies":[{"embeddable":true,"href":"https:\/\/staging.hergom.eurocastaliapruebas.com\/en\/wp-json\/wp\/v2\/comments?post=21666"}],"version-history":[{"count":0,"href":"https:\/\/staging.hergom.eurocastaliapruebas.com\/en\/wp-json\/wp\/v2\/pages\/21666\/revisions"}],"wp:attachment":[{"href":"https:\/\/staging.hergom.eurocastaliapruebas.com\/en\/wp-json\/wp\/v2\/media?parent=21666"}],"curies":[{"name":"wp","href":"https:\/\/api.w.org\/{rel}","templated":true}]}}