{"id":21631,"date":"2022-05-17T12:19:12","date_gmt":"2022-05-17T10:19:12","guid":{"rendered":"https:\/\/www.hergom.com\/contact\/"},"modified":"2023-11-24T11:42:56","modified_gmt":"2023-11-24T10:42:56","slug":"contact","status":"publish","type":"page","link":"https:\/\/staging.hergom.eurocastaliapruebas.com\/en\/contact\/","title":{"rendered":"Contact"},"content":{"rendered":"<div class=\"fusion-fullwidth fullwidth-box fusion-builder-row-1 nonhundred-percent-fullwidth non-hundred-percent-height-scrolling\" style=\"--awb-border-radius-top-left:0px;--awb-border-radius-top-right:0px;--awb-border-radius-bottom-right:0px;--awb-border-radius-bottom-left:0px;--awb-padding-top:0px;--awb-padding-bottom:0px;--awb-margin-top:0px;--awb-margin-bottom:0px;--awb-flex-wrap:wrap;\" id=\"contenedorContacto\" ><div class=\"fusion-builder-row fusion-row\"><div class=\"fusion-layout-column fusion_builder_column fusion-builder-column-0 fusion_builder_column_1_2 1_2 fusion-one-half fusion-column-first colFlex\" style=\"--awb-bg-size:cover;width:50%;width:calc(50% - ( ( 0px ) * 0.5 ) );margin-right: 0px;\"><div class=\"fusion-column-wrapper fusion-column-has-shadow fusion-flex-column-wrapper-legacy\">\t\t\n\t\t<div class=\"contenedorLeaftMap\" id=\"contenedorLeaftMap\">\n\t\t\n\t\t<div class=\"leaflet-map WPLeafletMap\" style=\"height:250px; width:100%;\"><\/div><script>\nwindow.WPLeafletMapPlugin = window.WPLeafletMapPlugin || [];\nwindow.WPLeafletMapPlugin.push(function WPLeafletMapShortcode() {\/*<script>*\/\nvar baseUrl = atob('aHR0cHM6Ly9tYXBzLmV1cm9jYXN0YWxpYS5jb20vbWIvbWFwYm94LnN0cmVldHMve3p9L3t4fS97eX0=');\nvar base = (!baseUrl && window.MQ) ?\n    window.MQ.mapLayer() : L.tileLayer(baseUrl,\n        L.Util.extend({}, {\n            detectRetina: 0,\n        },\n        {\"subdomains\":\"abc\",\"noWrap\":false,\"maxZoom\":6}        )\n    );\n    var options = L.Util.extend({}, {\n        layers: [base],\n        attributionControl: false\n    },\n    {\"zoomControl\":true,\"scrollWheelZoom\":false,\"doubleClickZoom\":false,\"fitBounds\":false,\"minZoom\":0,\"maxZoom\":6,\"maxBounds\":null,\"attribution\":\"<a href=\\\"https:\\\/\\\/leafletjs.com\\\" title=\\\"A JS library for interactive maps\\\">Leaflet<\\\/a>; \\\\r\\\\n\\u00a9 <a href=\\\"https:\\\/\\\/www.openstreetmap.org\\\/copyright\\\">OpenStreetMap<\\\/a> contributors , Imagery \\u00a9 <a href=\\\"https:\\\/\\\/www.mapbox.com\\\/\\\">Mapbox<\\\/a>\"},\n    {});\nwindow.WPLeafletMapPlugin.createMap(options).setView([43.466423,-3.888583],12);});<\/script><script>\nwindow.WPLeafletMapPlugin = window.WPLeafletMapPlugin || [];\nwindow.WPLeafletMapPlugin.push(function WPLeafletMarkerShortcode() {\/*<script>*\/\nvar map = window.WPLeafletMapPlugin.getCurrentMap();\nvar group = window.WPLeafletMapPlugin.getCurrentGroup();\nvar marker_options = window.WPLeafletMapPlugin.getIconOptions({\"iconUrl\":\"https:\\\/\\\/staging.hergom.eurocastaliapruebas.com\\\/wp-content\\\/uploads\\\/2022\\\/06\\\/icodistribuidores.png\",\"iconSize\":\"25,25\",\"iconAnchor\":\"25,25\"});\nvar marker = L.marker(\n    [43.466423,-3.888583],\n    marker_options\n);\nvar is_image = map.is_image_map;\nif (marker_options.draggable) {\n    marker.on('dragend', function () {\n        var latlng = this.getLatLng();\n        var lat = latlng.lat;\n        var lng = latlng.lng;\n        if (is_image) {\n            console.log('leaflet-marker y=' + lat + ' x=' + lng);\n        } else {\n            console.log('leaflet-marker lat=' + lat + ' lng=' + lng);\n        }\n    });\n}\nmarker.addTo( group );\nmarker.bindPopup(window.WPLeafletMapPlugin.unescape('&lt;div&gt;&lt;br&gt;&lt;div&gt;Barrio Borrancho &amp;lt;br&amp;gt;39110 Santa Cruz De Bezana&amp;lt;br&amp;gt;942 587 000&lt;\/div&gt;&lt;br&gt;&lt;\/div&gt;&lt;br&gt;'));window.WPLeafletMapPlugin.markers.push( marker );\n        });<\/script>\t\t\n\t\t<\/div>\n\t\t\n\t\t<div class=\"fusion-text fusion-text-1 fusion-text-no-margin textoEditor\" style=\"--awb-margin-top:0px;--awb-margin-right:0px;--awb-margin-bottom:0px;--awb-margin-left:0px;\"><h3><strong>Herg\u00f3m Spain: Postal Address<\/strong><\/h3>\n<address>Industrias Herg\u00f3m S.L. Soto de la Marina. Cantabria. Spain<\/address>\n<ul id=\"direccionPrincipal\">\n<li>Phone: +34 942 587 000<\/li>\n<li>Fax: +34 942 587 001<\/li>\n<li><span class=\"tituloApartado\"><strong>Spain<\/strong><\/span> Sales: <a title=\"comercial@hergom.com\" href=\"mailto:comercial@hergom.com\">comercial@hergom.com<\/a><\/li>\n<li>Technical Service <a href=\"mailto:sat@hergom.com\">sat@hergom.com<\/a><\/li>\n<li><span class=\"tituloApartado\"><strong>International<\/strong><\/span>Sales: <a title=\"cmh@hergom.com\" href=\"mailto:cmh@hergom.com\">cmh@hergom.com<\/a><\/li>\n<li>Data protection: <a title=\"protecciondatos@hergom.com\" href=\"mailto:protecciondatos@hergom.com\">protecciondatos@hergom.com<\/a><\/li>\n<\/ul>\n<table id=\"informacionBasica\" cellspacing=\"0\" cellpadding=\"0\">\n<thead>\n<tr>\n<th colspan=\"2\">Basic data protection information<\/th>\n<\/tr>\n<\/thead>\n<tbody>\n<tr>\n<td><strong>Responsible<\/strong><\/td>\n<td>INDUSTRIAS HERG\u00d3M, S.L.<\/td>\n<\/tr>\n<tr>\n<td><strong>Purpose<\/strong><\/td>\n<td>Administrative, commercial and contact management.<\/td>\n<\/tr>\n<tr>\n<td><strong>Legitimation<\/strong><\/td>\n<td>No data will be disclosed to third parties except under legal or contractual obligation.<\/td>\n<\/tr>\n<tr>\n<td><strong>Rights<\/strong><\/td>\n<td>Access, rectify and delete data, request data portability, object to the processing and request its limitation.<\/td>\n<\/tr>\n<tr>\n<td><strong>Additional information<\/strong><\/td>\n<td><a class=\"enlaceExterno\" title=\"This link will open in a new window: More information about privacy policy\" href=\"https:\/\/staging.hergom.eurocastaliapruebas.com\/politica-de-privacidad\/\">+info<\/a><\/td>\n<\/tr>\n<\/tbody>\n<\/table>\n<\/div><div class=\"fusion-clearfix\"><\/div><\/div><\/div><div class=\"fusion-layout-column fusion_builder_column fusion-builder-column-1 fusion_builder_column_1_2 1_2 fusion-one-half fusion-column-last colFlex\" style=\"--awb-bg-size:cover;width:50%;width:calc(50% - ( ( 0px ) * 0.5 ) );\"><div class=\"fusion-column-wrapper fusion-column-has-shadow fusion-flex-column-wrapper-legacy\"><script charset=\"utf-8\" type=\"text\/javascript\" src=\"\/\/js.hsforms.net\/forms\/embed\/v2.js\"><\/script>\n<script>\n  hbspt.forms.create({\n    region: \"na1\",\n    portalId: \"4216990\",\n    formId: \"a9a26b24-bb00-40b9-bf65-82ce93331b20\"\n  });\n<\/script><div class=\"fusion-text fusion-text-2 fusion-text-no-margin textoEditor\" style=\"--awb-margin-top:0px;--awb-margin-right:0px;--awb-margin-bottom:0px;--awb-margin-left:0px;\" id=\"recuadroTblMovil\"><table id=\"informacionBasica\" cellspacing=\"0\" cellpadding=\"0\">\n<thead>\n<tr>\n<th colspan=\"2\">Basic data protection information<\/th>\n<\/tr>\n<\/thead>\n<tbody>\n<tr>\n<td><strong>Responsible<\/strong><\/td>\n<td>INDUSTRIAS HERG\u00d3M, S.L.<\/td>\n<\/tr>\n<tr>\n<td><strong>Purpose<\/strong><\/td>\n<td>Administrative, commercial and contact management.<\/td>\n<\/tr>\n<tr>\n<td><strong>Legitimation<\/strong><\/td>\n<td>No data will be disclosed to third parties except under legal or contractual obligation.<\/td>\n<\/tr>\n<tr>\n<td><strong>Rights<\/strong><\/td>\n<td>Access, rectify and delete data, request data portability, object to the processing and request its limitation.<\/td>\n<\/tr>\n<tr>\n<td><strong>Additional information<\/strong><\/td>\n<td><a class=\"enlaceExterno\" title=\"This link will open in a new window: More information about privacy policy\" href=\"https:\/\/staging.hergom.eurocastaliapruebas.com\/politica-de-privacidad\/\">+info<\/a><\/td>\n<\/tr>\n<\/tbody>\n<\/table>\n<\/div><div class=\"fusion-clearfix\"><\/div><\/div><\/div><\/div><\/div>\n","protected":false},"excerpt":{"rendered":"","protected":false},"author":1,"featured_media":0,"parent":0,"menu_order":0,"comment_status":"closed","ping_status":"closed","template":"100-width.php","meta":{"_acf_changed":false,"_monsterinsights_skip_tracking":false,"_monsterinsights_sitenote_active":false,"_monsterinsights_sitenote_note":"","_monsterinsights_sitenote_category":0,"_uf_show_specific_survey":0,"_uf_disable_surveys":false,"footnotes":""},"class_list":["post-21631","page","type-page","status-publish","hentry"],"acf":[],"yoast_head":"<!-- This site is optimized with the Yoast SEO plugin v24.7 - https:\/\/yoast.com\/wordpress\/plugins\/seo\/ -->\n<title>Contact - Hergom<\/title>\n<meta name=\"robots\" content=\"noindex, follow, max-snippet:-1, max-image-preview:large, max-video-preview:-1\" \/>\n<meta property=\"og:locale\" content=\"en_US\" \/>\n<meta property=\"og:type\" content=\"article\" \/>\n<meta property=\"og:title\" content=\"Contact - Hergom\" \/>\n<meta property=\"og:url\" content=\"https:\/\/staging.hergom.eurocastaliapruebas.com\/en\/contact\/\" \/>\n<meta property=\"og:site_name\" content=\"Hergom\" \/>\n<meta property=\"article:modified_time\" content=\"2023-11-24T10:42:56+00:00\" \/>\n<meta name=\"twitter:card\" content=\"summary_large_image\" \/>\n<meta name=\"twitter:label1\" content=\"Est. reading time\" \/>\n\t<meta name=\"twitter:data1\" content=\"6 minutes\" \/>\n<script type=\"application\/ld+json\" class=\"yoast-schema-graph\">{\"@context\":\"https:\/\/schema.org\",\"@graph\":[{\"@type\":\"WebPage\",\"@id\":\"https:\/\/staging.hergom.eurocastaliapruebas.com\/en\/contact\/\",\"url\":\"https:\/\/staging.hergom.eurocastaliapruebas.com\/en\/contact\/\",\"name\":\"Contact - Hergom\",\"isPartOf\":{\"@id\":\"https:\/\/staging.hergom.eurocastaliapruebas.com\/en\/#website\"},\"datePublished\":\"2022-05-17T10:19:12+00:00\",\"dateModified\":\"2023-11-24T10:42:56+00:00\",\"breadcrumb\":{\"@id\":\"https:\/\/staging.hergom.eurocastaliapruebas.com\/en\/contact\/#breadcrumb\"},\"inLanguage\":\"en-US\",\"potentialAction\":[{\"@type\":\"ReadAction\",\"target\":[\"https:\/\/staging.hergom.eurocastaliapruebas.com\/en\/contact\/\"]}]},{\"@type\":\"BreadcrumbList\",\"@id\":\"https:\/\/staging.hergom.eurocastaliapruebas.com\/en\/contact\/#breadcrumb\",\"itemListElement\":[{\"@type\":\"ListItem\",\"position\":1,\"name\":\"Home\",\"item\":\"https:\/\/staging.hergom.eurocastaliapruebas.com\/en\/\"},{\"@type\":\"ListItem\",\"position\":2,\"name\":\"Contact\"}]},{\"@type\":\"WebSite\",\"@id\":\"https:\/\/staging.hergom.eurocastaliapruebas.com\/en\/#website\",\"url\":\"https:\/\/staging.hergom.eurocastaliapruebas.com\/en\/\",\"name\":\"Hergom\",\"description\":\"Estufas de le\u00f1a y pellets. Chimeneas de le\u00f1a y gas. Cocinas de le\u00f1a\",\"potentialAction\":[{\"@type\":\"SearchAction\",\"target\":{\"@type\":\"EntryPoint\",\"urlTemplate\":\"https:\/\/staging.hergom.eurocastaliapruebas.com\/en\/?s={search_term_string}\"},\"query-input\":{\"@type\":\"PropertyValueSpecification\",\"valueRequired\":true,\"valueName\":\"search_term_string\"}}],\"inLanguage\":\"en-US\"}]}<\/script>\n<!-- \/ Yoast SEO plugin. -->","yoast_head_json":{"title":"Contact - Hergom","robots":{"index":"noindex","follow":"follow","max-snippet":"max-snippet:-1","max-image-preview":"max-image-preview:large","max-video-preview":"max-video-preview:-1"},"og_locale":"en_US","og_type":"article","og_title":"Contact - Hergom","og_url":"https:\/\/staging.hergom.eurocastaliapruebas.com\/en\/contact\/","og_site_name":"Hergom","article_modified_time":"2023-11-24T10:42:56+00:00","twitter_card":"summary_large_image","twitter_misc":{"Est. reading time":"6 minutes"},"schema":{"@context":"https:\/\/schema.org","@graph":[{"@type":"WebPage","@id":"https:\/\/staging.hergom.eurocastaliapruebas.com\/en\/contact\/","url":"https:\/\/staging.hergom.eurocastaliapruebas.com\/en\/contact\/","name":"Contact - Hergom","isPartOf":{"@id":"https:\/\/staging.hergom.eurocastaliapruebas.com\/en\/#website"},"datePublished":"2022-05-17T10:19:12+00:00","dateModified":"2023-11-24T10:42:56+00:00","breadcrumb":{"@id":"https:\/\/staging.hergom.eurocastaliapruebas.com\/en\/contact\/#breadcrumb"},"inLanguage":"en-US","potentialAction":[{"@type":"ReadAction","target":["https:\/\/staging.hergom.eurocastaliapruebas.com\/en\/contact\/"]}]},{"@type":"BreadcrumbList","@id":"https:\/\/staging.hergom.eurocastaliapruebas.com\/en\/contact\/#breadcrumb","itemListElement":[{"@type":"ListItem","position":1,"name":"Home","item":"https:\/\/staging.hergom.eurocastaliapruebas.com\/en\/"},{"@type":"ListItem","position":2,"name":"Contact"}]},{"@type":"WebSite","@id":"https:\/\/staging.hergom.eurocastaliapruebas.com\/en\/#website","url":"https:\/\/staging.hergom.eurocastaliapruebas.com\/en\/","name":"Hergom","description":"Estufas de le\u00f1a y pellets. Chimeneas de le\u00f1a y gas. Cocinas de le\u00f1a","potentialAction":[{"@type":"SearchAction","target":{"@type":"EntryPoint","urlTemplate":"https:\/\/staging.hergom.eurocastaliapruebas.com\/en\/?s={search_term_string}"},"query-input":{"@type":"PropertyValueSpecification","valueRequired":true,"valueName":"search_term_string"}}],"inLanguage":"en-US"}]}},"_links":{"self":[{"href":"https:\/\/staging.hergom.eurocastaliapruebas.com\/en\/wp-json\/wp\/v2\/pages\/21631","targetHints":{"allow":["GET"]}}],"collection":[{"href":"https:\/\/staging.hergom.eurocastaliapruebas.com\/en\/wp-json\/wp\/v2\/pages"}],"about":[{"href":"https:\/\/staging.hergom.eurocastaliapruebas.com\/en\/wp-json\/wp\/v2\/types\/page"}],"author":[{"embeddable":true,"href":"https:\/\/staging.hergom.eurocastaliapruebas.com\/en\/wp-json\/wp\/v2\/users\/1"}],"replies":[{"embeddable":true,"href":"https:\/\/staging.hergom.eurocastaliapruebas.com\/en\/wp-json\/wp\/v2\/comments?post=21631"}],"version-history":[{"count":0,"href":"https:\/\/staging.hergom.eurocastaliapruebas.com\/en\/wp-json\/wp\/v2\/pages\/21631\/revisions"}],"wp:attachment":[{"href":"https:\/\/staging.hergom.eurocastaliapruebas.com\/en\/wp-json\/wp\/v2\/media?parent=21631"}],"curies":[{"name":"wp","href":"https:\/\/api.w.org\/{rel}","templated":true}]}}