{"id":20886,"date":"2022-06-03T12:36:34","date_gmt":"2022-06-03T10:36:34","guid":{"rendered":"https:\/\/www.hergom.com\/communication\/catalogos\/"},"modified":"2023-11-15T11:10:44","modified_gmt":"2023-11-15T10:10:44","slug":"catalogues","status":"publish","type":"page","link":"https:\/\/staging.hergom.eurocastaliapruebas.com\/en\/communication\/catalogues\/","title":{"rendered":"Catalogues"},"content":{"rendered":"<p><div class=\"fusion-fullwidth fullwidth-box fusion-builder-row-1 nonhundred-percent-fullwidth non-hundred-percent-height-scrolling\" style=\"--awb-border-radius-top-left:0px;--awb-border-radius-top-right:0px;--awb-border-radius-bottom-right:0px;--awb-border-radius-bottom-left:0px;--awb-padding-top:0px;--awb-padding-bottom:0px;--awb-margin-top:0px;--awb-margin-bottom:0px;--awb-flex-wrap:wrap;\" id=\"contenedorCatalogoFolletos\" ><div class=\"fusion-builder-row fusion-row\"><div class=\"fusion-layout-column fusion_builder_column fusion-builder-column-0 fusion_builder_column_1_1 1_1 fusion-one-full fusion-column-first fusion-column-last\" style=\"--awb-bg-size:cover;\" id=\"contenidoCatalogoFolletos\"><div class=\"fusion-column-wrapper fusion-column-has-shadow fusion-flex-column-wrapper-legacy\">        <div id=\"contenedorListado\">\n                                        <article class=\"colFlex\">\n                                <header>\n                                    <h2>Cat\u00e1logo Insertables de Le\u00f1a 2021<\/h2>\n                                <\/header>\n                                \n                                            <figure>\n                                                <img class=\"lazyload\" decoding=\"async\" src=\"data:image\/svg+xml,%3Csvg%20xmlns%3D%27http%3A%2F%2Fwww.w3.org%2F2000%2Fsvg%27%20width%3D%27385%27%20height%3D%27545%27%20viewBox%3D%270%200%20385%20545%27%3E%3Crect%20width%3D%27385%27%20height%3D%27545%27%20fill-opacity%3D%220%22%2F%3E%3C%2Fsvg%3E\" data-orig-src=\"https:\/\/staging.hergom.eurocastaliapruebas.com\/wp-content\/uploads\/2022\/07\/portadacatalogocompactos-1-385x545.jpg\" alt=\"Cat\u00e1logo Insertables de Le\u00f1a 2021\">\n                                                <figcaption class=\"altOcultar\">Cat\u00e1logo Insertables de Le\u00f1a 2021<\/figcaption>\n                                            <\/figure>\n\n                                        \n                                            <footer>\n                                                <a \n                                                    href=\"https:\/\/staging.hergom.eurocastaliapruebas.com\/wp-content\/uploads\/2022\/07\/catalogo-compactos-de-lena-2021.pdf\" \n                                                    title=\"Descargar documento: \" \n                                                    class=\"btn\" \n                                                    target=\"_blank\" \n                                                    rel=\"noopener\"\n                                                >\n                                                    <span class=\"txt\">Download<\/span>\n                                                <\/a>\n                                            <\/footer>\n\n                                        \n                            <\/article>\n\n                                                        <article class=\"colFlex\">\n                                <header>\n                                    <h2>Cat\u00e1logo Cocinas<\/h2>\n                                <\/header>\n                                \n                                            <figure>\n                                                <img class=\"lazyload\" decoding=\"async\" src=\"data:image\/svg+xml,%3Csvg%20xmlns%3D%27http%3A%2F%2Fwww.w3.org%2F2000%2Fsvg%27%20width%3D%27385%27%20height%3D%27545%27%20viewBox%3D%270%200%20385%20545%27%3E%3Crect%20width%3D%27385%27%20height%3D%27545%27%20fill-opacity%3D%220%22%2F%3E%3C%2Fsvg%3E\" data-orig-src=\"https:\/\/staging.hergom.eurocastaliapruebas.com\/wp-content\/uploads\/2022\/09\/cocinas2024-cover-385x545-copia.jpg\" alt=\"Cat\u00e1logo Cocinas\">\n                                                <figcaption class=\"altOcultar\">Cat\u00e1logo Cocinas<\/figcaption>\n                                            <\/figure>\n\n                                        \n                                            <footer>\n                                                <a \n                                                    href=\"https:\/\/staging.hergom.eurocastaliapruebas.com\/wp-content\/uploads\/2022\/09\/catalogo-gral.cocinas-2024.pdf\" \n                                                    title=\"Descargar documento: \" \n                                                    class=\"btn\" \n                                                    target=\"_blank\" \n                                                    rel=\"noopener\"\n                                                >\n                                                    <span class=\"txt\">Download<\/span>\n                                                <\/a>\n                                            <\/footer>\n\n                                        \n                            <\/article>\n\n                                                        <article class=\"colFlex\">\n                                <header>\n                                    <h2>Cat\u00e1logo Colecci\u00f3n Schmid Hogares de Le\u00f1a<\/h2>\n                                <\/header>\n                                \n                                            <figure>\n                                                <img class=\"lazyload\" decoding=\"async\" src=\"data:image\/svg+xml,%3Csvg%20xmlns%3D%27http%3A%2F%2Fwww.w3.org%2F2000%2Fsvg%27%20width%3D%27385%27%20height%3D%27545%27%20viewBox%3D%270%200%20385%20545%27%3E%3Crect%20width%3D%27385%27%20height%3D%27545%27%20fill-opacity%3D%220%22%2F%3E%3C%2Fsvg%3E\" data-orig-src=\"https:\/\/staging.hergom.eurocastaliapruebas.com\/wp-content\/uploads\/2023\/10\/hogarescolschmid-cover-385x545-1.jpg\" alt=\"Cat\u00e1logo Colecci\u00f3n Schmid Hogares de Le\u00f1a\">\n                                                <figcaption class=\"altOcultar\">Cat\u00e1logo Colecci\u00f3n Schmid Hogares de Le\u00f1a<\/figcaption>\n                                            <\/figure>\n\n                                        \n                                            <footer>\n                                                <a \n                                                    href=\"https:\/\/staging.hergom.eurocastaliapruebas.com\/wp-content\/uploads\/2023\/10\/hergom-coleccion-schmid-lr.pdf\" \n                                                    title=\"Descargar documento: \" \n                                                    class=\"btn\" \n                                                    target=\"_blank\" \n                                                    rel=\"noopener\"\n                                                >\n                                                    <span class=\"txt\">Download<\/span>\n                                                <\/a>\n                                            <\/footer>\n\n                                        \n                            <\/article>\n\n                                                        <article class=\"colFlex\">\n                                <header>\n                                    <h2>Folleto Firepit<\/h2>\n                                <\/header>\n                                \n                                            <figure>\n                                                <img class=\"lazyload\" decoding=\"async\" src=\"data:image\/svg+xml,%3Csvg%20xmlns%3D%27http%3A%2F%2Fwww.w3.org%2F2000%2Fsvg%27%20width%3D%27385%27%20height%3D%27544%27%20viewBox%3D%270%200%20385%20544%27%3E%3Crect%20width%3D%27385%27%20height%3D%27544%27%20fill-opacity%3D%220%22%2F%3E%3C%2Fsvg%3E\" data-orig-src=\"https:\/\/staging.hergom.eurocastaliapruebas.com\/wp-content\/uploads\/2022\/06\/catalogofirepit-385x544.jpg\" alt=\"Folleto Firepit\">\n                                                <figcaption class=\"altOcultar\">Folleto Firepit<\/figcaption>\n                                            <\/figure>\n\n                                        \n                                            <footer>\n                                                <a \n                                                    href=\"https:\/\/staging.hergom.eurocastaliapruebas.com\/wp-content\/uploads\/2022\/06\/firepit.pdf\" \n                                                    title=\"Descargar documento: \" \n                                                    class=\"btn\" \n                                                    target=\"_blank\" \n                                                    rel=\"noopener\"\n                                                >\n                                                    <span class=\"txt\">Download<\/span>\n                                                <\/a>\n                                            <\/footer>\n\n                                        \n                            <\/article>\n\n                            \n        <\/div>\n\n    <div class=\"fusion-clearfix\"><\/div><\/div><\/div><\/div><\/div><div class=\"fusion-fullwidth fullwidth-box fusion-builder-row-2 fusion-flex-container nonhundred-percent-fullwidth non-hundred-percent-height-scrolling\" style=\"--awb-border-radius-top-left:0px;--awb-border-radius-top-right:0px;--awb-border-radius-bottom-right:0px;--awb-border-radius-bottom-left:0px;--awb-flex-wrap:wrap;\" ><div class=\"fusion-builder-row fusion-row fusion-flex-align-items-flex-start fusion-flex-content-wrap\" style=\"max-width:1289.6px;margin-left: calc(-4% \/ 2 );margin-right: calc(-4% \/ 2 );\"><div class=\"fusion-layout-column fusion_builder_column fusion-builder-column-1 fusion_builder_column_1_1 1_1 fusion-flex-column\" style=\"--awb-bg-size:cover;--awb-width-large:100%;--awb-margin-top-large:0px;--awb-spacing-right-large:1.92%;--awb-margin-bottom-large:0px;--awb-spacing-left-large:1.92%;--awb-width-medium:100%;--awb-spacing-right-medium:1.92%;--awb-spacing-left-medium:1.92%;--awb-width-small:100%;--awb-spacing-right-small:1.92%;--awb-spacing-left-small:1.92%;\"><div class=\"fusion-column-wrapper fusion-flex-justify-content-flex-start fusion-content-layout-column\"><\/div><\/div><\/div><\/div><\/p>\n","protected":false},"excerpt":{"rendered":"","protected":false},"author":1,"featured_media":0,"parent":21666,"menu_order":0,"comment_status":"closed","ping_status":"closed","template":"100-width.php","meta":{"_acf_changed":false,"_monsterinsights_skip_tracking":false,"_monsterinsights_sitenote_active":false,"_monsterinsights_sitenote_note":"","_monsterinsights_sitenote_category":0,"_uf_show_specific_survey":0,"_uf_disable_surveys":false,"footnotes":""},"class_list":["post-20886","page","type-page","status-publish","hentry"],"acf":[],"yoast_head":"<!-- This site is optimized with the Yoast SEO plugin v24.7 - https:\/\/yoast.com\/wordpress\/plugins\/seo\/ -->\n<title>Catalogues - Hergom<\/title>\n<meta name=\"robots\" content=\"noindex, follow, max-snippet:-1, max-image-preview:large, max-video-preview:-1\" \/>\n<meta property=\"og:locale\" content=\"en_US\" \/>\n<meta property=\"og:type\" content=\"article\" \/>\n<meta property=\"og:title\" content=\"Catalogues - Hergom\" \/>\n<meta property=\"og:url\" content=\"https:\/\/staging.hergom.eurocastaliapruebas.com\/en\/communication\/catalogues\/\" \/>\n<meta property=\"og:site_name\" content=\"Hergom\" \/>\n<meta property=\"article:modified_time\" content=\"2023-11-15T10:10:44+00:00\" \/>\n<meta name=\"twitter:card\" content=\"summary_large_image\" \/>\n<meta name=\"twitter:label1\" content=\"Est. reading time\" \/>\n\t<meta name=\"twitter:data1\" content=\"2 minutes\" \/>\n<script type=\"application\/ld+json\" class=\"yoast-schema-graph\">{\"@context\":\"https:\/\/schema.org\",\"@graph\":[{\"@type\":\"WebPage\",\"@id\":\"https:\/\/staging.hergom.eurocastaliapruebas.com\/en\/communication\/catalogues\/\",\"url\":\"https:\/\/staging.hergom.eurocastaliapruebas.com\/en\/communication\/catalogues\/\",\"name\":\"Catalogues - Hergom\",\"isPartOf\":{\"@id\":\"https:\/\/staging.hergom.eurocastaliapruebas.com\/en\/#website\"},\"datePublished\":\"2022-06-03T10:36:34+00:00\",\"dateModified\":\"2023-11-15T10:10:44+00:00\",\"breadcrumb\":{\"@id\":\"https:\/\/staging.hergom.eurocastaliapruebas.com\/en\/communication\/catalogues\/#breadcrumb\"},\"inLanguage\":\"en-US\",\"potentialAction\":[{\"@type\":\"ReadAction\",\"target\":[\"https:\/\/staging.hergom.eurocastaliapruebas.com\/en\/communication\/catalogues\/\"]}]},{\"@type\":\"BreadcrumbList\",\"@id\":\"https:\/\/staging.hergom.eurocastaliapruebas.com\/en\/communication\/catalogues\/#breadcrumb\",\"itemListElement\":[{\"@type\":\"ListItem\",\"position\":1,\"name\":\"Home\",\"item\":\"https:\/\/staging.hergom.eurocastaliapruebas.com\/en\/\"},{\"@type\":\"ListItem\",\"position\":2,\"name\":\"Catalogues\"}]},{\"@type\":\"WebSite\",\"@id\":\"https:\/\/staging.hergom.eurocastaliapruebas.com\/en\/#website\",\"url\":\"https:\/\/staging.hergom.eurocastaliapruebas.com\/en\/\",\"name\":\"Hergom\",\"description\":\"Estufas de le\u00f1a y pellets. Chimeneas de le\u00f1a y gas. Cocinas de le\u00f1a\",\"potentialAction\":[{\"@type\":\"SearchAction\",\"target\":{\"@type\":\"EntryPoint\",\"urlTemplate\":\"https:\/\/staging.hergom.eurocastaliapruebas.com\/en\/?s={search_term_string}\"},\"query-input\":{\"@type\":\"PropertyValueSpecification\",\"valueRequired\":true,\"valueName\":\"search_term_string\"}}],\"inLanguage\":\"en-US\"}]}<\/script>\n<!-- \/ Yoast SEO plugin. -->","yoast_head_json":{"title":"Catalogues - Hergom","robots":{"index":"noindex","follow":"follow","max-snippet":"max-snippet:-1","max-image-preview":"max-image-preview:large","max-video-preview":"max-video-preview:-1"},"og_locale":"en_US","og_type":"article","og_title":"Catalogues - Hergom","og_url":"https:\/\/staging.hergom.eurocastaliapruebas.com\/en\/communication\/catalogues\/","og_site_name":"Hergom","article_modified_time":"2023-11-15T10:10:44+00:00","twitter_card":"summary_large_image","twitter_misc":{"Est. reading time":"2 minutes"},"schema":{"@context":"https:\/\/schema.org","@graph":[{"@type":"WebPage","@id":"https:\/\/staging.hergom.eurocastaliapruebas.com\/en\/communication\/catalogues\/","url":"https:\/\/staging.hergom.eurocastaliapruebas.com\/en\/communication\/catalogues\/","name":"Catalogues - Hergom","isPartOf":{"@id":"https:\/\/staging.hergom.eurocastaliapruebas.com\/en\/#website"},"datePublished":"2022-06-03T10:36:34+00:00","dateModified":"2023-11-15T10:10:44+00:00","breadcrumb":{"@id":"https:\/\/staging.hergom.eurocastaliapruebas.com\/en\/communication\/catalogues\/#breadcrumb"},"inLanguage":"en-US","potentialAction":[{"@type":"ReadAction","target":["https:\/\/staging.hergom.eurocastaliapruebas.com\/en\/communication\/catalogues\/"]}]},{"@type":"BreadcrumbList","@id":"https:\/\/staging.hergom.eurocastaliapruebas.com\/en\/communication\/catalogues\/#breadcrumb","itemListElement":[{"@type":"ListItem","position":1,"name":"Home","item":"https:\/\/staging.hergom.eurocastaliapruebas.com\/en\/"},{"@type":"ListItem","position":2,"name":"Catalogues"}]},{"@type":"WebSite","@id":"https:\/\/staging.hergom.eurocastaliapruebas.com\/en\/#website","url":"https:\/\/staging.hergom.eurocastaliapruebas.com\/en\/","name":"Hergom","description":"Estufas de le\u00f1a y pellets. Chimeneas de le\u00f1a y gas. Cocinas de le\u00f1a","potentialAction":[{"@type":"SearchAction","target":{"@type":"EntryPoint","urlTemplate":"https:\/\/staging.hergom.eurocastaliapruebas.com\/en\/?s={search_term_string}"},"query-input":{"@type":"PropertyValueSpecification","valueRequired":true,"valueName":"search_term_string"}}],"inLanguage":"en-US"}]}},"_links":{"self":[{"href":"https:\/\/staging.hergom.eurocastaliapruebas.com\/en\/wp-json\/wp\/v2\/pages\/20886","targetHints":{"allow":["GET"]}}],"collection":[{"href":"https:\/\/staging.hergom.eurocastaliapruebas.com\/en\/wp-json\/wp\/v2\/pages"}],"about":[{"href":"https:\/\/staging.hergom.eurocastaliapruebas.com\/en\/wp-json\/wp\/v2\/types\/page"}],"author":[{"embeddable":true,"href":"https:\/\/staging.hergom.eurocastaliapruebas.com\/en\/wp-json\/wp\/v2\/users\/1"}],"replies":[{"embeddable":true,"href":"https:\/\/staging.hergom.eurocastaliapruebas.com\/en\/wp-json\/wp\/v2\/comments?post=20886"}],"version-history":[{"count":0,"href":"https:\/\/staging.hergom.eurocastaliapruebas.com\/en\/wp-json\/wp\/v2\/pages\/20886\/revisions"}],"up":[{"embeddable":true,"href":"https:\/\/staging.hergom.eurocastaliapruebas.com\/en\/wp-json\/wp\/v2\/pages\/21666"}],"wp:attachment":[{"href":"https:\/\/staging.hergom.eurocastaliapruebas.com\/en\/wp-json\/wp\/v2\/media?parent=20886"}],"curies":[{"name":"wp","href":"https:\/\/api.w.org\/{rel}","templated":true}]}}