{"id":20885,"date":"2022-06-03T12:36:05","date_gmt":"2022-06-03T10:36:05","guid":{"rendered":"https:\/\/www.hergom.com\/communication\/videos\/"},"modified":"2023-11-16T09:49:50","modified_gmt":"2023-11-16T08:49:50","slug":"videos","status":"publish","type":"page","link":"https:\/\/staging.hergom.eurocastaliapruebas.com\/en\/communication\/videos\/","title":{"rendered":"Videos"},"content":{"rendered":"<p><div class=\"fusion-fullwidth fullwidth-box fusion-builder-row-1 nonhundred-percent-fullwidth non-hundred-percent-height-scrolling\" style=\"--awb-border-radius-top-left:0px;--awb-border-radius-top-right:0px;--awb-border-radius-bottom-right:0px;--awb-border-radius-bottom-left:0px;--awb-padding-top:0px;--awb-padding-bottom:0px;--awb-margin-top:0px;--awb-margin-bottom:0px;--awb-flex-wrap:wrap;\" id=\"contenedorYoutube\" ><div class=\"fusion-builder-row fusion-row\"><div class=\"fusion-layout-column fusion_builder_column fusion-builder-column-0 fusion_builder_column_1_1 1_1 fusion-one-full fusion-column-first fusion-column-last\" style=\"--awb-bg-size:cover;\" id=\"contenidoYoutube\"><div class=\"fusion-column-wrapper fusion-column-has-shadow fusion-flex-column-wrapper-legacy\">\t\t\t<div \n\t\t\tclass=\"yotu-playlist yotuwp yotu-limit-min yotu-player-full  yotu-thumb-169  yotu-template-grid\" \n\t\t\tdata-page=\"1\"\n\t\t\tid=\"yotuwp-69ef7cc8b7f01\"\n\t\t\tdata-yotu=\"69ef7cc909f2c\"\n\t\t\tdata-total=\"2\"\n\t\t\tdata-settings=\"eyJ0eXBlIjoicGxheWxpc3QiLCJpZCI6IlBMQ2F4UktwTzBaU3dYeC00NVQxSFo5blBERV83Tm1iMUQiLCJwYWdpbmF0aW9uIjoib24iLCJwYWdpdHlwZSI6InBhZ2VyIiwiY29sdW1uIjoiMyIsInBlcl9wYWdlIjoiMTIiLCJ0ZW1wbGF0ZSI6ImdyaWQiLCJ0aXRsZSI6Im9uIiwiZGVzY3JpcHRpb24iOiJvZmYiLCJ0aHVtYnJhdGlvIjoiMTY5IiwibWV0YSI6Im9mZiIsIm1ldGFfZGF0YSI6Im9mZiIsIm1ldGFfcG9zaXRpb24iOiJvZmYiLCJkYXRlX2Zvcm1hdCI6Im9mZiIsIm1ldGFfYWxpZ24iOiJvZmYiLCJzdWJzY3JpYmUiOiJvZmYiLCJkdXJhdGlvbiI6Im9mZiIsIm1ldGFfaWNvbiI6Im9mZiIsIm5leHR0ZXh0IjoiIiwicHJldnRleHQiOiIiLCJsb2FkbW9yZXRleHQiOiIiLCJwbGF5ZXIiOnsibW9kZSI6ImxhcmdlIiwid2lkdGgiOjAsInNjcm9sbGluZyI6IjEwMCIsImF1dG9wbGF5IjowLCJjb250cm9scyI6MSwibW9kZXN0YnJhbmRpbmciOjEsImxvb3AiOjAsImF1dG9uZXh0IjowLCJzaG93aW5mbyI6MCwicmVsIjowLCJwbGF5aW5nIjowLCJwbGF5aW5nX2Rlc2NyaXB0aW9uIjowLCJ0aHVtYm5haWxzIjowLCJjY19sb2FkX3BvbGljeSI6MCwiY2NfbGFuZ19wcmVmIjoiMSIsImhsIjoiIiwiaXZfbG9hZF9wb2xpY3kiOjN9LCJsYXN0X3RhYiI6InNldHRpbmdzIiwidXNlX2FzX21vZGFsIjoib2ZmIiwibW9kYWxfaWQiOiJvZmYiLCJsYXN0X3VwZGF0ZSI6IjE2NTQyMDYzOTMiLCJzdHlsaW5nIjp7InBhZ2VyX2xheW91dCI6ImRlZmF1bHQiLCJidXR0b24iOiIxIiwiYnV0dG9uX2NvbG9yIjoiIiwiYnV0dG9uX2JnX2NvbG9yIjoiIiwiYnV0dG9uX2NvbG9yX2hvdmVyIjoiIiwiYnV0dG9uX2JnX2NvbG9yX2hvdmVyIjoiIiwidmlkZW9fc3R5bGUiOiIiLCJwbGF5aWNvbl9jb2xvciI6IiIsImhvdmVyX2ljb24iOiIiLCJnYWxsZXJ5X2JnIjoiIn0sImVmZmVjdHMiOnsidmlkZW9fYm94IjoiIiwiZmxpcF9lZmZlY3QiOiIifSwiZ2FsbGVyeV9pZCI6IjY5ZWY3Y2M4YjdmMDEiLCJuZXh0IjoiRUFBYUhsQlVPa05CZDJsRlJFRTFUVVJqTlU1clJUTk9WVkY0VGxSTk5VMTZTUSIsInByZXYiOiIifQ==\"\n\t\t\tdata-player=\"large\"\n\t\t\tdata-showdesc=\"off\" >\n\t\t\t\t<div>\n\t\t\t\t\t\t\t\t\t\t<div class=\"yotu-wrapper-player\" style=\"\">\n\t\t\t\t\t\t\t\t\t\t\t\t<div class=\"yotu-player\">\n\t\t\t\t\t\t\t<div class=\"yotu-video-placeholder\" id=\"yotu-player-69ef7cc909f2c\"><\/div>\n\t\t\t\t\t\t<\/div>\n\t\t\t\t\t\t<div class=\"yotu-playing-status\"><\/div>\n\t\t\t\t\t\t\t\t\t\t\t<\/div>\n\n\t\t\t\t\t<div class=\"yotu-pagination yotu-pager_layout-default yotu-pagination-top\">\n<a href=\"#\" class=\"yotu-pagination-prev yotu-button-prs yotu-button-prs-1\" data-page=\"prev\">Prev<\/a>\n<span class=\"yotu-pagination-current\">1<\/span> <span>of<\/span> <span class=\"yotu-pagination-total\">2<\/span>\n<a href=\"#\" class=\"yotu-pagination-next yotu-button-prs yotu-button-prs-1\" data-page=\"next\">Next<\/a>\n<\/div>\n<div class=\"yotu-videos yotu-mode-grid yotu-column-3 yotu-player-mode-large\">\n\t<ul>\n\t\t\t\t\t<li class=\" yotu-first\">\n\t\t\t\t\t\t\t\t<a href=\"#W0YVSbNk7RY\" class=\"yotu-video\" data-videoid=\"W0YVSbNk7RY\" data-title=\"Estufa de le\u00f1a Glow - Hergom\" title=\"Estufa de le\u00f1a Glow - Hergom\">\n\t\t\t\t\t<div class=\"yotu-video-thumb-wrp\">\n\t\t\t\t\t\t<div>\n\t\t\t\t\t\t\t\t\t\t\t\t\t\t<img decoding=\"async\" class=\"lazyload yotu-video-thumb\" src=\"data:image\/gif;base64,R0lGODlhAQABAAAAACH5BAEKAAEALAAAAAABAAEAAAICTAEAOw==\" data-orig-src=\"https:\/\/i.ytimg.com\/vi\/W0YVSbNk7RY\/sddefault.jpg\" alt=\"Estufa de le\u00f1a Glow - Hergom\">\t\n\t\t\t\t\t\t\t\t\t\t\t\t\t<\/div>\n\t\t\t\t\t<\/div>\n\t\t\t\t\t\t\t\t\t\t\t<h3 class=\"yotu-video-title\">Estufa de le\u00f1a Glow - Hergom<\/h3>\n\t\t\t\t\t\t\t\t\t\t\t\t\t\t\t\t\t\t\t<\/a>\n\t\t\t\t\t\t\t<\/li>\n\t\t\t\t\n\t\t\t\t\t\t<li class=\"\">\n\t\t\t\t\t\t\t\t<a href=\"#vo7hpcjC5VI\" class=\"yotu-video\" data-videoid=\"vo7hpcjC5VI\" data-title=\"Estufa de le\u00f1a Shelburne - Herg\u00f3m\" title=\"Estufa de le\u00f1a Shelburne - Herg\u00f3m\">\n\t\t\t\t\t<div class=\"yotu-video-thumb-wrp\">\n\t\t\t\t\t\t<div>\n\t\t\t\t\t\t\t\t\t\t\t\t\t\t<img decoding=\"async\" class=\"lazyload yotu-video-thumb\" src=\"data:image\/gif;base64,R0lGODlhAQABAAAAACH5BAEKAAEALAAAAAABAAEAAAICTAEAOw==\" data-orig-src=\"https:\/\/i.ytimg.com\/vi\/vo7hpcjC5VI\/sddefault.jpg\" alt=\"Estufa de le\u00f1a Shelburne - Herg\u00f3m\">\t\n\t\t\t\t\t\t\t\t\t\t\t\t\t<\/div>\n\t\t\t\t\t<\/div>\n\t\t\t\t\t\t\t\t\t\t\t<h3 class=\"yotu-video-title\">Estufa de le\u00f1a Shelburne - Herg\u00f3m<\/h3>\n\t\t\t\t\t\t\t\t\t\t\t\t\t\t\t\t\t\t\t<\/a>\n\t\t\t\t\t\t\t<\/li>\n\t\t\t\t\n\t\t\t\t\t\t<li class=\"\">\n\t\t\t\t\t\t\t\t<a href=\"#31pSab0vtxo\" class=\"yotu-video\" data-videoid=\"31pSab0vtxo\" data-title=\"Estufa de le\u00f1a E-30 L Hergom\" title=\"Estufa de le\u00f1a E-30 L Hergom\">\n\t\t\t\t\t<div class=\"yotu-video-thumb-wrp\">\n\t\t\t\t\t\t<div>\n\t\t\t\t\t\t\t\t\t\t\t\t\t\t<img decoding=\"async\" class=\"lazyload yotu-video-thumb\" src=\"data:image\/gif;base64,R0lGODlhAQABAAAAACH5BAEKAAEALAAAAAABAAEAAAICTAEAOw==\" data-orig-src=\"https:\/\/i.ytimg.com\/vi\/31pSab0vtxo\/sddefault.jpg\" alt=\"Estufa de le\u00f1a E-30 L Hergom\">\t\n\t\t\t\t\t\t\t\t\t\t\t\t\t<\/div>\n\t\t\t\t\t<\/div>\n\t\t\t\t\t\t\t\t\t\t\t<h3 class=\"yotu-video-title\">Estufa de le\u00f1a E-30 L Hergom<\/h3>\n\t\t\t\t\t\t\t\t\t\t\t\t\t\t\t\t\t\t\t<\/a>\n\t\t\t\t\t\t\t<\/li>\n\t\t\t\t\n\t\t\t\t\t\t<li class=\"\">\n\t\t\t\t\t\t\t\t<a href=\"#MInOU0cpolE\" class=\"yotu-video\" data-videoid=\"MInOU0cpolE\" data-title=\"Estufa de le\u00f1a Glance L - Hergom\" title=\"Estufa de le\u00f1a Glance L - Hergom\">\n\t\t\t\t\t<div class=\"yotu-video-thumb-wrp\">\n\t\t\t\t\t\t<div>\n\t\t\t\t\t\t\t\t\t\t\t\t\t\t<img decoding=\"async\" class=\"lazyload yotu-video-thumb\" src=\"data:image\/gif;base64,R0lGODlhAQABAAAAACH5BAEKAAEALAAAAAABAAEAAAICTAEAOw==\" data-orig-src=\"https:\/\/i.ytimg.com\/vi\/MInOU0cpolE\/sddefault.jpg\" alt=\"Estufa de le\u00f1a Glance L - Hergom\">\t\n\t\t\t\t\t\t\t\t\t\t\t\t\t<\/div>\n\t\t\t\t\t<\/div>\n\t\t\t\t\t\t\t\t\t\t\t<h3 class=\"yotu-video-title\">Estufa de le\u00f1a Glance L - Hergom<\/h3>\n\t\t\t\t\t\t\t\t\t\t\t\t\t\t\t\t\t\t\t<\/a>\n\t\t\t\t\t\t\t<\/li>\n\t\t\t\t\n\t\t\t\t\t\t<li class=\"\">\n\t\t\t\t\t\t\t\t<a href=\"#yP26F5XlWKM\" class=\"yotu-video\" data-videoid=\"yP26F5XlWKM\" data-title=\"Estufa de le\u00f1a E-40 Hergom\" title=\"Estufa de le\u00f1a E-40 Hergom\">\n\t\t\t\t\t<div class=\"yotu-video-thumb-wrp\">\n\t\t\t\t\t\t<div>\n\t\t\t\t\t\t\t\t\t\t\t\t\t\t<img decoding=\"async\" class=\"lazyload yotu-video-thumb\" src=\"data:image\/gif;base64,R0lGODlhAQABAAAAACH5BAEKAAEALAAAAAABAAEAAAICTAEAOw==\" data-orig-src=\"https:\/\/i.ytimg.com\/vi\/yP26F5XlWKM\/sddefault.jpg\" alt=\"Estufa de le\u00f1a E-40 Hergom\">\t\n\t\t\t\t\t\t\t\t\t\t\t\t\t<\/div>\n\t\t\t\t\t<\/div>\n\t\t\t\t\t\t\t\t\t\t\t<h3 class=\"yotu-video-title\">Estufa de le\u00f1a E-40 Hergom<\/h3>\n\t\t\t\t\t\t\t\t\t\t\t\t\t\t\t\t\t\t\t<\/a>\n\t\t\t\t\t\t\t<\/li>\n\t\t\t\t\n\t\t\t\t\t\t<li class=\"\">\n\t\t\t\t\t\t\t\t<a href=\"#2-Z5h6KpbUE\" class=\"yotu-video\" data-videoid=\"2-Z5h6KpbUE\" data-title=\"Estufa de le\u00f1a Glance - Hergom\" title=\"Estufa de le\u00f1a Glance - Hergom\">\n\t\t\t\t\t<div class=\"yotu-video-thumb-wrp\">\n\t\t\t\t\t\t<div>\n\t\t\t\t\t\t\t\t\t\t\t\t\t\t<img decoding=\"async\" class=\"lazyload yotu-video-thumb\" src=\"data:image\/gif;base64,R0lGODlhAQABAAAAACH5BAEKAAEALAAAAAABAAEAAAICTAEAOw==\" data-orig-src=\"https:\/\/i.ytimg.com\/vi\/2-Z5h6KpbUE\/sddefault.jpg\" alt=\"Estufa de le\u00f1a Glance - Hergom\">\t\n\t\t\t\t\t\t\t\t\t\t\t\t\t<\/div>\n\t\t\t\t\t<\/div>\n\t\t\t\t\t\t\t\t\t\t\t<h3 class=\"yotu-video-title\">Estufa de le\u00f1a Glance - Hergom<\/h3>\n\t\t\t\t\t\t\t\t\t\t\t\t\t\t\t\t\t\t\t<\/a>\n\t\t\t\t\t\t\t<\/li>\n\t\t\t\t\n\t\t\t\t\t\t<li class=\"\">\n\t\t\t\t\t\t\t\t<a href=\"#4wIL4295nGU\" class=\"yotu-video\" data-videoid=\"4wIL4295nGU\" data-title=\"Estufa de le\u00f1a Craftsbury - Hergom\" title=\"Estufa de le\u00f1a Craftsbury - Hergom\">\n\t\t\t\t\t<div class=\"yotu-video-thumb-wrp\">\n\t\t\t\t\t\t<div>\n\t\t\t\t\t\t\t\t\t\t\t\t\t\t<img decoding=\"async\" class=\"lazyload yotu-video-thumb\" src=\"data:image\/gif;base64,R0lGODlhAQABAAAAACH5BAEKAAEALAAAAAABAAEAAAICTAEAOw==\" data-orig-src=\"https:\/\/i.ytimg.com\/vi\/4wIL4295nGU\/sddefault.jpg\" alt=\"Estufa de le\u00f1a Craftsbury - Hergom\">\t\n\t\t\t\t\t\t\t\t\t\t\t\t\t<\/div>\n\t\t\t\t\t<\/div>\n\t\t\t\t\t\t\t\t\t\t\t<h3 class=\"yotu-video-title\">Estufa de le\u00f1a Craftsbury - Hergom<\/h3>\n\t\t\t\t\t\t\t\t\t\t\t\t\t\t\t\t\t\t\t<\/a>\n\t\t\t\t\t\t\t<\/li>\n\t\t\t\t\n\t\t\t\t\t\t<li class=\"\">\n\t\t\t\t\t\t\t\t<a href=\"#iqGnngBzMg0\" class=\"yotu-video\" data-videoid=\"iqGnngBzMg0\" data-title=\"Estufa de le\u00f1a Manchester - Hergom\" title=\"Estufa de le\u00f1a Manchester - Hergom\">\n\t\t\t\t\t<div class=\"yotu-video-thumb-wrp\">\n\t\t\t\t\t\t<div>\n\t\t\t\t\t\t\t\t\t\t\t\t\t\t<img decoding=\"async\" class=\"lazyload yotu-video-thumb\" src=\"data:image\/gif;base64,R0lGODlhAQABAAAAACH5BAEKAAEALAAAAAABAAEAAAICTAEAOw==\" data-orig-src=\"https:\/\/i.ytimg.com\/vi\/iqGnngBzMg0\/sddefault.jpg\" alt=\"Estufa de le\u00f1a Manchester - Hergom\">\t\n\t\t\t\t\t\t\t\t\t\t\t\t\t<\/div>\n\t\t\t\t\t<\/div>\n\t\t\t\t\t\t\t\t\t\t\t<h3 class=\"yotu-video-title\">Estufa de le\u00f1a Manchester - Hergom<\/h3>\n\t\t\t\t\t\t\t\t\t\t\t\t\t\t\t\t\t\t\t<\/a>\n\t\t\t\t\t\t\t<\/li>\n\t\t\t\t\n\t\t\t\t\t\t<li class=\"\">\n\t\t\t\t\t\t\t\t<a href=\"#u3sD8FXcDZE\" class=\"yotu-video\" data-videoid=\"u3sD8FXcDZE\" data-title=\"Firepit by Hergom - Datos t\u00e9cnicos.\" title=\"Firepit by Hergom - Datos t\u00e9cnicos.\">\n\t\t\t\t\t<div class=\"yotu-video-thumb-wrp\">\n\t\t\t\t\t\t<div>\n\t\t\t\t\t\t\t\t\t\t\t\t\t\t<img decoding=\"async\" class=\"lazyload yotu-video-thumb\" src=\"data:image\/gif;base64,R0lGODlhAQABAAAAACH5BAEKAAEALAAAAAABAAEAAAICTAEAOw==\" data-orig-src=\"https:\/\/i.ytimg.com\/vi\/u3sD8FXcDZE\/sddefault.jpg\" alt=\"Firepit by Hergom - Datos t\u00e9cnicos.\">\t\n\t\t\t\t\t\t\t\t\t\t\t\t\t<\/div>\n\t\t\t\t\t<\/div>\n\t\t\t\t\t\t\t\t\t\t\t<h3 class=\"yotu-video-title\">Firepit by Hergom - Datos t\u00e9cnicos.<\/h3>\n\t\t\t\t\t\t\t\t\t\t\t\t\t\t\t\t\t\t\t<\/a>\n\t\t\t\t\t\t\t<\/li>\n\t\t\t\t\n\t\t\t\t\t\t<li class=\"\">\n\t\t\t\t\t\t\t\t<a href=\"#tSBdtFAa3a0\" class=\"yotu-video\" data-videoid=\"tSBdtFAa3a0\" data-title=\"Firepit grill by Hergom.\" title=\"Firepit grill by Hergom.\">\n\t\t\t\t\t<div class=\"yotu-video-thumb-wrp\">\n\t\t\t\t\t\t<div>\n\t\t\t\t\t\t\t\t\t\t\t\t\t\t<img decoding=\"async\" class=\"lazyload yotu-video-thumb\" src=\"data:image\/gif;base64,R0lGODlhAQABAAAAACH5BAEKAAEALAAAAAABAAEAAAICTAEAOw==\" data-orig-src=\"https:\/\/i.ytimg.com\/vi\/tSBdtFAa3a0\/sddefault.jpg\" alt=\"Firepit grill by Hergom.\">\t\n\t\t\t\t\t\t\t\t\t\t\t\t\t<\/div>\n\t\t\t\t\t<\/div>\n\t\t\t\t\t\t\t\t\t\t\t<h3 class=\"yotu-video-title\">Firepit grill by Hergom.<\/h3>\n\t\t\t\t\t\t\t\t\t\t\t\t\t\t\t\t\t\t\t<\/a>\n\t\t\t\t\t\t\t<\/li>\n\t\t\t\t\n\t\t\t\t\t\t<li class=\"\">\n\t\t\t\t\t\t\t\t<a href=\"#lx6bMPvfErk\" class=\"yotu-video\" data-videoid=\"lx6bMPvfErk\" data-title=\"Promoci\u00f3n especial al calor de ENZA\" title=\"Promoci\u00f3n especial al calor de ENZA\">\n\t\t\t\t\t<div class=\"yotu-video-thumb-wrp\">\n\t\t\t\t\t\t<div>\n\t\t\t\t\t\t\t\t\t\t\t\t\t\t<img decoding=\"async\" class=\"lazyload yotu-video-thumb\" src=\"data:image\/gif;base64,R0lGODlhAQABAAAAACH5BAEKAAEALAAAAAABAAEAAAICTAEAOw==\" data-orig-src=\"https:\/\/i.ytimg.com\/vi\/lx6bMPvfErk\/sddefault.jpg\" alt=\"Promoci\u00f3n especial al calor de ENZA\">\t\n\t\t\t\t\t\t\t\t\t\t\t\t\t<\/div>\n\t\t\t\t\t<\/div>\n\t\t\t\t\t\t\t\t\t\t\t<h3 class=\"yotu-video-title\">Promoci\u00f3n especial al calor de ENZA<\/h3>\n\t\t\t\t\t\t\t\t\t\t\t\t\t\t\t\t\t\t\t<\/a>\n\t\t\t\t\t\t\t<\/li>\n\t\t\t\t\n\t\t\t\t\t\t<li class=\" yotu-last\">\n\t\t\t\t\t\t\t\t<a href=\"#f01aWk8RuJM\" class=\"yotu-video\" data-videoid=\"f01aWk8RuJM\" data-title=\"ENZA 2019\" title=\"ENZA 2019\">\n\t\t\t\t\t<div class=\"yotu-video-thumb-wrp\">\n\t\t\t\t\t\t<div>\n\t\t\t\t\t\t\t\t\t\t\t\t\t\t<img decoding=\"async\" class=\"lazyload yotu-video-thumb\" src=\"data:image\/gif;base64,R0lGODlhAQABAAAAACH5BAEKAAEALAAAAAABAAEAAAICTAEAOw==\" data-orig-src=\"https:\/\/i.ytimg.com\/vi\/f01aWk8RuJM\/sddefault.jpg\" alt=\"ENZA 2019\">\t\n\t\t\t\t\t\t\t\t\t\t\t\t\t<\/div>\n\t\t\t\t\t<\/div>\n\t\t\t\t\t\t\t\t\t\t\t<h3 class=\"yotu-video-title\">ENZA 2019<\/h3>\n\t\t\t\t\t\t\t\t\t\t\t\t\t\t\t\t\t\t\t<\/a>\n\t\t\t\t\t\t\t<\/li>\n\t\t\t\t\n\t\t\t\t<\/ul>\n<\/div><div class=\"yotu-pagination yotu-pager_layout-default yotu-pagination-bottom\">\n<a href=\"#\" class=\"yotu-pagination-prev yotu-button-prs yotu-button-prs-1\" data-page=\"prev\">Prev<\/a>\n<span class=\"yotu-pagination-current\">1<\/span> <span>of<\/span> <span class=\"yotu-pagination-total\">2<\/span>\n<a href=\"#\" class=\"yotu-pagination-next yotu-button-prs yotu-button-prs-1\" data-page=\"next\">Next<\/a>\n<\/div>\n\t\t\t\t<\/div>\n\t\t\t<\/div>\n\t\t\t<div class=\"fusion-clearfix\"><\/div><\/div><\/div><\/div><\/div><div class=\"fusion-fullwidth fullwidth-box fusion-builder-row-2 fusion-flex-container nonhundred-percent-fullwidth non-hundred-percent-height-scrolling\" style=\"--awb-border-radius-top-left:0px;--awb-border-radius-top-right:0px;--awb-border-radius-bottom-right:0px;--awb-border-radius-bottom-left:0px;--awb-flex-wrap:wrap;\" ><div class=\"fusion-builder-row fusion-row fusion-flex-align-items-flex-start fusion-flex-content-wrap\" style=\"max-width:1289.6px;margin-left: calc(-4% \/ 2 );margin-right: calc(-4% \/ 2 );\"><div class=\"fusion-layout-column fusion_builder_column fusion-builder-column-1 fusion_builder_column_1_1 1_1 fusion-flex-column\" style=\"--awb-bg-size:cover;--awb-width-large:100%;--awb-margin-top-large:0px;--awb-spacing-right-large:1.92%;--awb-margin-bottom-large:0px;--awb-spacing-left-large:1.92%;--awb-width-medium:100%;--awb-spacing-right-medium:1.92%;--awb-spacing-left-medium:1.92%;--awb-width-small:100%;--awb-spacing-right-small:1.92%;--awb-spacing-left-small:1.92%;\"><div class=\"fusion-column-wrapper fusion-flex-justify-content-flex-start fusion-content-layout-column\"><\/div><\/div><\/div><\/div><\/p>\n","protected":false},"excerpt":{"rendered":"","protected":false},"author":1,"featured_media":0,"parent":21666,"menu_order":0,"comment_status":"closed","ping_status":"closed","template":"100-width.php","meta":{"_acf_changed":false,"_monsterinsights_skip_tracking":false,"_monsterinsights_sitenote_active":false,"_monsterinsights_sitenote_note":"","_monsterinsights_sitenote_category":0,"_uf_show_specific_survey":0,"_uf_disable_surveys":false,"footnotes":""},"class_list":["post-20885","page","type-page","status-publish","hentry"],"acf":[],"yoast_head":"<!-- This site is optimized with the Yoast SEO plugin v24.7 - https:\/\/yoast.com\/wordpress\/plugins\/seo\/ -->\n<title>Videos - Hergom<\/title>\n<meta name=\"robots\" content=\"noindex, follow, max-snippet:-1, max-image-preview:large, max-video-preview:-1\" \/>\n<meta property=\"og:locale\" content=\"en_US\" \/>\n<meta property=\"og:type\" content=\"article\" \/>\n<meta property=\"og:title\" content=\"Videos - Hergom\" \/>\n<meta property=\"og:url\" content=\"https:\/\/staging.hergom.eurocastaliapruebas.com\/en\/communication\/videos\/\" \/>\n<meta property=\"og:site_name\" content=\"Hergom\" \/>\n<meta property=\"article:modified_time\" content=\"2023-11-16T08:49:50+00:00\" \/>\n<meta name=\"twitter:card\" content=\"summary_large_image\" \/>\n<meta name=\"twitter:label1\" content=\"Est. reading time\" \/>\n\t<meta name=\"twitter:data1\" content=\"2 minutes\" \/>\n<script type=\"application\/ld+json\" class=\"yoast-schema-graph\">{\"@context\":\"https:\/\/schema.org\",\"@graph\":[{\"@type\":\"WebPage\",\"@id\":\"https:\/\/staging.hergom.eurocastaliapruebas.com\/en\/communication\/videos\/\",\"url\":\"https:\/\/staging.hergom.eurocastaliapruebas.com\/en\/communication\/videos\/\",\"name\":\"Videos - Hergom\",\"isPartOf\":{\"@id\":\"https:\/\/staging.hergom.eurocastaliapruebas.com\/en\/#website\"},\"datePublished\":\"2022-06-03T10:36:05+00:00\",\"dateModified\":\"2023-11-16T08:49:50+00:00\",\"breadcrumb\":{\"@id\":\"https:\/\/staging.hergom.eurocastaliapruebas.com\/en\/communication\/videos\/#breadcrumb\"},\"inLanguage\":\"en-US\",\"potentialAction\":[{\"@type\":\"ReadAction\",\"target\":[\"https:\/\/staging.hergom.eurocastaliapruebas.com\/en\/communication\/videos\/\"]}]},{\"@type\":\"BreadcrumbList\",\"@id\":\"https:\/\/staging.hergom.eurocastaliapruebas.com\/en\/communication\/videos\/#breadcrumb\",\"itemListElement\":[{\"@type\":\"ListItem\",\"position\":1,\"name\":\"Home\",\"item\":\"https:\/\/staging.hergom.eurocastaliapruebas.com\/en\/\"},{\"@type\":\"ListItem\",\"position\":2,\"name\":\"Videos\"}]},{\"@type\":\"WebSite\",\"@id\":\"https:\/\/staging.hergom.eurocastaliapruebas.com\/en\/#website\",\"url\":\"https:\/\/staging.hergom.eurocastaliapruebas.com\/en\/\",\"name\":\"Hergom\",\"description\":\"Estufas de le\u00f1a y pellets. Chimeneas de le\u00f1a y gas. Cocinas de le\u00f1a\",\"potentialAction\":[{\"@type\":\"SearchAction\",\"target\":{\"@type\":\"EntryPoint\",\"urlTemplate\":\"https:\/\/staging.hergom.eurocastaliapruebas.com\/en\/?s={search_term_string}\"},\"query-input\":{\"@type\":\"PropertyValueSpecification\",\"valueRequired\":true,\"valueName\":\"search_term_string\"}}],\"inLanguage\":\"en-US\"}]}<\/script>\n<!-- \/ Yoast SEO plugin. -->","yoast_head_json":{"title":"Videos - Hergom","robots":{"index":"noindex","follow":"follow","max-snippet":"max-snippet:-1","max-image-preview":"max-image-preview:large","max-video-preview":"max-video-preview:-1"},"og_locale":"en_US","og_type":"article","og_title":"Videos - Hergom","og_url":"https:\/\/staging.hergom.eurocastaliapruebas.com\/en\/communication\/videos\/","og_site_name":"Hergom","article_modified_time":"2023-11-16T08:49:50+00:00","twitter_card":"summary_large_image","twitter_misc":{"Est. reading time":"2 minutes"},"schema":{"@context":"https:\/\/schema.org","@graph":[{"@type":"WebPage","@id":"https:\/\/staging.hergom.eurocastaliapruebas.com\/en\/communication\/videos\/","url":"https:\/\/staging.hergom.eurocastaliapruebas.com\/en\/communication\/videos\/","name":"Videos - Hergom","isPartOf":{"@id":"https:\/\/staging.hergom.eurocastaliapruebas.com\/en\/#website"},"datePublished":"2022-06-03T10:36:05+00:00","dateModified":"2023-11-16T08:49:50+00:00","breadcrumb":{"@id":"https:\/\/staging.hergom.eurocastaliapruebas.com\/en\/communication\/videos\/#breadcrumb"},"inLanguage":"en-US","potentialAction":[{"@type":"ReadAction","target":["https:\/\/staging.hergom.eurocastaliapruebas.com\/en\/communication\/videos\/"]}]},{"@type":"BreadcrumbList","@id":"https:\/\/staging.hergom.eurocastaliapruebas.com\/en\/communication\/videos\/#breadcrumb","itemListElement":[{"@type":"ListItem","position":1,"name":"Home","item":"https:\/\/staging.hergom.eurocastaliapruebas.com\/en\/"},{"@type":"ListItem","position":2,"name":"Videos"}]},{"@type":"WebSite","@id":"https:\/\/staging.hergom.eurocastaliapruebas.com\/en\/#website","url":"https:\/\/staging.hergom.eurocastaliapruebas.com\/en\/","name":"Hergom","description":"Estufas de le\u00f1a y pellets. Chimeneas de le\u00f1a y gas. Cocinas de le\u00f1a","potentialAction":[{"@type":"SearchAction","target":{"@type":"EntryPoint","urlTemplate":"https:\/\/staging.hergom.eurocastaliapruebas.com\/en\/?s={search_term_string}"},"query-input":{"@type":"PropertyValueSpecification","valueRequired":true,"valueName":"search_term_string"}}],"inLanguage":"en-US"}]}},"_links":{"self":[{"href":"https:\/\/staging.hergom.eurocastaliapruebas.com\/en\/wp-json\/wp\/v2\/pages\/20885","targetHints":{"allow":["GET"]}}],"collection":[{"href":"https:\/\/staging.hergom.eurocastaliapruebas.com\/en\/wp-json\/wp\/v2\/pages"}],"about":[{"href":"https:\/\/staging.hergom.eurocastaliapruebas.com\/en\/wp-json\/wp\/v2\/types\/page"}],"author":[{"embeddable":true,"href":"https:\/\/staging.hergom.eurocastaliapruebas.com\/en\/wp-json\/wp\/v2\/users\/1"}],"replies":[{"embeddable":true,"href":"https:\/\/staging.hergom.eurocastaliapruebas.com\/en\/wp-json\/wp\/v2\/comments?post=20885"}],"version-history":[{"count":0,"href":"https:\/\/staging.hergom.eurocastaliapruebas.com\/en\/wp-json\/wp\/v2\/pages\/20885\/revisions"}],"up":[{"embeddable":true,"href":"https:\/\/staging.hergom.eurocastaliapruebas.com\/en\/wp-json\/wp\/v2\/pages\/21666"}],"wp:attachment":[{"href":"https:\/\/staging.hergom.eurocastaliapruebas.com\/en\/wp-json\/wp\/v2\/media?parent=20885"}],"curies":[{"name":"wp","href":"https:\/\/api.w.org\/{rel}","templated":true}]}}